{"id":12434,"date":"2018-06-01T10:55:37","date_gmt":"2018-06-01T10:55:37","guid":{"rendered":"https:\/\/uus.kokariided.ee\/?product=naiste-pluus-bailey-ruuduline"},"modified":"2019-04-01T11:36:54","modified_gmt":"2019-04-01T11:36:54","slug":"naiste-pluus-bailey-ruuduline","status":"publish","type":"product","link":"https:\/\/uus.kokariided.ee\/en\/product\/naiste-pluus-bailey-ruuduline\/","title":{"rendered":"Naiste  pluus BAILEY, ruuduline"},"content":{"rendered":"<p class=\"tw-data-text tw-ta tw-text-small\" id=\"tw-target-text\" dir=\"ltr\">Kehasse t\u00f6\u00f6deldud, n\u00f6\u00f6pidega, 3\/4 varrukad<\/p>\n<p class=\"tw-data-text tw-ta tw-text-small\" dir=\"ltr\">100% puuvill\u00a0<\/p>\n<p class=\"tw-data-text tw-ta tw-text-small\" dir=\"ltr\">\n<p class=\"tw-data-text tw-ta tw-text-small\" dir=\"ltr\">","protected":false},"excerpt":{"rendered":"<p>See naiste pluus on kehasse t\u00f6\u00f6deldud ja stiilse disainiga.\u00a0N\u00f6\u00f6pidega, \u00f5huke kangas,\u00a03\/4 varrukatega, muudab s\u00e4rgi \u00e4\u00e4rmiselt mugavaks ja sobib ideaalselt teenindajatele.\u00a0<\/p>","protected":false},"featured_media":12435,"comment_status":"open","ping_status":"closed","template":"","meta":[],"product_cat":[756,753,145],"product_tag":[],"class_list":{"0":"post-12434","1":"product","2":"type-product","3":"status-publish","4":"has-post-thumbnail","6":"product_brand-chaud-devant","7":"product_cat-naiste-pluusidsaergid","8":"product_cat-saergid-ja-pluusid","9":"product_cat-teenindusriided","11":"first","12":"instock","13":"shipping-taxable","14":"purchasable","15":"product-type-variable"},"_links":{"self":[{"href":"https:\/\/uus.kokariided.ee\/en\/wp-json\/wp\/v2\/product\/12434","targetHints":{"allow":["GET"]}}],"collection":[{"href":"https:\/\/uus.kokariided.ee\/en\/wp-json\/wp\/v2\/product"}],"about":[{"href":"https:\/\/uus.kokariided.ee\/en\/wp-json\/wp\/v2\/types\/product"}],"replies":[{"embeddable":true,"href":"https:\/\/uus.kokariided.ee\/en\/wp-json\/wp\/v2\/comments?post=12434"}],"wp:featuredmedia":[{"embeddable":true,"href":"https:\/\/uus.kokariided.ee\/en\/wp-json\/wp\/v2\/media\/12435"}],"wp:attachment":[{"href":"https:\/\/uus.kokariided.ee\/en\/wp-json\/wp\/v2\/media?parent=12434"}],"wp:term":[{"taxonomy":"product_cat","embeddable":true,"href":"https:\/\/uus.kokariided.ee\/en\/wp-json\/wp\/v2\/product_cat?post=12434"},{"taxonomy":"product_tag","embeddable":true,"href":"https:\/\/uus.kokariided.ee\/en\/wp-json\/wp\/v2\/product_tag?post=12434"}],"curies":[{"name":"wp","href":"https:\/\/api.w.org\/{rel}","templated":true}]}}