{"id":12446,"date":"2018-06-05T16:34:17","date_gmt":"2018-06-05T16:34:17","guid":{"rendered":"https:\/\/uus.kokariided.ee\/?product=pagarimuets-pealt-vorguga-erinevad-vaervid"},"modified":"2025-08-15T11:46:14","modified_gmt":"2025-08-15T11:46:14","slug":"pagarimuets-pealt-vorguga-erinevad-vaervid","status":"publish","type":"product","link":"https:\/\/uus.kokariided.ee\/en\/product\/pagarimuets-pealt-vorguga-erinevad-vaervid\/","title":{"rendered":"M\u00fcts pealt v\u00f5rguga, erinevad v\u00e4rvid"},"content":{"rendered":"","protected":false},"excerpt":{"rendered":"<p>\u2022\u00a0Suurus reguleeritav tagant (kr\u00f5psuga)<br \/>\n\u2022\u00a0Pealt v\u00f5rguga m\u00fcts<br \/>\n\u2022 Materjal 65% pol\u00fcester ja 35% puuvill\u00a0<br \/>\n\u2022\u00a0Tavaline pesu temperatuuril 60\u00b0C\u00a0<br \/>\n\u2022 Materjal 65% pol\u00fcester ja 35% puuvill\u00a0<br \/>\nTellimust tehes vali v\u00e4rv.<\/p>","protected":false},"featured_media":12447,"comment_status":"open","ping_status":"closed","template":"","meta":[],"product_cat":[111,104,779],"product_tag":[],"class_list":{"0":"post-12446","1":"product","2":"type-product","3":"status-publish","4":"has-post-thumbnail","6":"product_brand-vega","7":"product_cat-kokamuetsid-ja-peakatted","8":"product_cat-kokariided","9":"product_cat-pagarimuetsid","11":"first","12":"instock","13":"shipping-taxable","14":"purchasable","15":"product-type-variable"},"_links":{"self":[{"href":"https:\/\/uus.kokariided.ee\/en\/wp-json\/wp\/v2\/product\/12446","targetHints":{"allow":["GET"]}}],"collection":[{"href":"https:\/\/uus.kokariided.ee\/en\/wp-json\/wp\/v2\/product"}],"about":[{"href":"https:\/\/uus.kokariided.ee\/en\/wp-json\/wp\/v2\/types\/product"}],"replies":[{"embeddable":true,"href":"https:\/\/uus.kokariided.ee\/en\/wp-json\/wp\/v2\/comments?post=12446"}],"wp:featuredmedia":[{"embeddable":true,"href":"https:\/\/uus.kokariided.ee\/en\/wp-json\/wp\/v2\/media\/12447"}],"wp:attachment":[{"href":"https:\/\/uus.kokariided.ee\/en\/wp-json\/wp\/v2\/media?parent=12446"}],"wp:term":[{"taxonomy":"product_cat","embeddable":true,"href":"https:\/\/uus.kokariided.ee\/en\/wp-json\/wp\/v2\/product_cat?post=12446"},{"taxonomy":"product_tag","embeddable":true,"href":"https:\/\/uus.kokariided.ee\/en\/wp-json\/wp\/v2\/product_tag?post=12446"}],"curies":[{"name":"wp","href":"https:\/\/api.w.org\/{rel}","templated":true}]}}