{"id":12465,"date":"2018-06-15T12:35:48","date_gmt":"2018-06-15T12:35:48","guid":{"rendered":"https:\/\/uus.kokariided.ee\/?product=klapiga-poll-142-triibuline"},"modified":"2024-09-06T17:00:36","modified_gmt":"2024-09-06T17:00:36","slug":"klapiga-poll-142-triibuline","status":"publish","type":"product","link":"https:\/\/uus.kokariided.ee\/en\/product\/klapiga-poll-142-triibuline\/","title":{"rendered":"Klapiga p\u00f5ll 142 Triibuline"},"content":{"rendered":"","protected":false},"excerpt":{"rendered":"<p>P\u00f5ll 75x75cm, reguleeritavP\u00f5ll sobilik \u00a0naisteenindajale\/kokale, 1 taskugaMaterjalid:100 %puuvill<\/p>","protected":false},"featured_media":12466,"comment_status":"open","ping_status":"closed","template":"","meta":[],"product_cat":[776,104,112,782,766],"product_tag":[],"class_list":{"0":"post-12465","1":"product","2":"type-product","3":"status-publish","4":"has-post-thumbnail","6":"product_brand-exner","7":"product_cat-klapiga-poll-75x75cm1756114975","8":"product_cat-kokariided","9":"product_cat-polled","10":"product_cat-polled1756115199","11":"product_cat-teenindusriided1756114957","13":"first","14":"instock","15":"shipping-taxable","16":"purchasable","17":"product-type-simple"},"_links":{"self":[{"href":"https:\/\/uus.kokariided.ee\/en\/wp-json\/wp\/v2\/product\/12465","targetHints":{"allow":["GET"]}}],"collection":[{"href":"https:\/\/uus.kokariided.ee\/en\/wp-json\/wp\/v2\/product"}],"about":[{"href":"https:\/\/uus.kokariided.ee\/en\/wp-json\/wp\/v2\/types\/product"}],"replies":[{"embeddable":true,"href":"https:\/\/uus.kokariided.ee\/en\/wp-json\/wp\/v2\/comments?post=12465"}],"wp:featuredmedia":[{"embeddable":true,"href":"https:\/\/uus.kokariided.ee\/en\/wp-json\/wp\/v2\/media\/12466"}],"wp:attachment":[{"href":"https:\/\/uus.kokariided.ee\/en\/wp-json\/wp\/v2\/media?parent=12465"}],"wp:term":[{"taxonomy":"product_cat","embeddable":true,"href":"https:\/\/uus.kokariided.ee\/en\/wp-json\/wp\/v2\/product_cat?post=12465"},{"taxonomy":"product_tag","embeddable":true,"href":"https:\/\/uus.kokariided.ee\/en\/wp-json\/wp\/v2\/product_tag?post=12465"}],"curies":[{"name":"wp","href":"https:\/\/api.w.org\/{rel}","templated":true}]}}