{"id":12471,"date":"2018-06-28T14:01:44","date_gmt":"2018-06-28T14:01:44","guid":{"rendered":"https:\/\/uus.kokariided.ee\/?product=kokajakk-nanotech-100-pv-bordeaux"},"modified":"2024-05-29T13:07:22","modified_gmt":"2024-05-29T13:07:22","slug":"kokajakk-nanotech-100-pv-bordeaux","status":"publish","type":"product","link":"https:\/\/uus.kokariided.ee\/en\/product\/kokajakk-nanotech-100-pv-bordeaux\/","title":{"rendered":"Kokajakk Nanotech, 100% pv, Bordeaux"},"content":{"rendered":"","protected":false},"excerpt":{"rendered":"<p>Unisex kokajakk, millel on n\u00f6\u00f6pidega kinnitus. Tasku rinnal, seljatagune 3-kihilisest hingavast ning venivast v\u00f5rkkangast. Varruka\u00e4\u00e4rel, krael ning taskul detailid.<br \/>\nMaterjal: 100%\u00a0puuvill<br \/>\nSoovitame sooja k\u00f6\u00f6gi puhul!Suurused: S &#8211; 4XL<\/p>","protected":false},"featured_media":12472,"comment_status":"open","ping_status":"closed","template":"","meta":[],"product_cat":[110,104,789,106],"product_tag":[],"class_list":{"0":"post-12471","1":"product","2":"type-product","3":"status-publish","4":"has-post-thumbnail","6":"product_brand-egochef","7":"product_cat-kokajakid","8":"product_cat-kokariided","9":"product_cat-meeste-unisex-kokajakid","10":"product_cat-soodusmueuek","12":"first","13":"instock","14":"sale","15":"shipping-taxable","16":"purchasable","17":"product-type-variable"},"_links":{"self":[{"href":"https:\/\/uus.kokariided.ee\/en\/wp-json\/wp\/v2\/product\/12471","targetHints":{"allow":["GET"]}}],"collection":[{"href":"https:\/\/uus.kokariided.ee\/en\/wp-json\/wp\/v2\/product"}],"about":[{"href":"https:\/\/uus.kokariided.ee\/en\/wp-json\/wp\/v2\/types\/product"}],"replies":[{"embeddable":true,"href":"https:\/\/uus.kokariided.ee\/en\/wp-json\/wp\/v2\/comments?post=12471"}],"wp:featuredmedia":[{"embeddable":true,"href":"https:\/\/uus.kokariided.ee\/en\/wp-json\/wp\/v2\/media\/12472"}],"wp:attachment":[{"href":"https:\/\/uus.kokariided.ee\/en\/wp-json\/wp\/v2\/media?parent=12471"}],"wp:term":[{"taxonomy":"product_cat","embeddable":true,"href":"https:\/\/uus.kokariided.ee\/en\/wp-json\/wp\/v2\/product_cat?post=12471"},{"taxonomy":"product_tag","embeddable":true,"href":"https:\/\/uus.kokariided.ee\/en\/wp-json\/wp\/v2\/product_tag?post=12471"}],"curies":[{"name":"wp","href":"https:\/\/api.w.org\/{rel}","templated":true}]}}