{"id":12511,"date":"2018-07-17T10:42:04","date_gmt":"2018-07-17T10:42:04","guid":{"rendered":"https:\/\/uus.kokariided.ee\/?product=poll-maori-70x65cm"},"modified":"2025-01-27T12:23:19","modified_gmt":"2025-01-27T12:23:19","slug":"poll-maori-70x65cm","status":"publish","type":"product","link":"https:\/\/uus.kokariided.ee\/en\/product\/poll-maori-70x65cm\/","title":{"rendered":"P\u00f5ll Maori 70x65cm"},"content":{"rendered":"","protected":false},"excerpt":{"rendered":"<p>P\u00f5ll 70x65cmP\u00f5ll sobilik teenindajale\/kokale, kaheosalise taskuga ning kaelapael reguleeritav n\u00f6\u00f6pidega.35% puuvill, 65% pol\u00fcester,\u00a0195 g\/m\u00b2<\/p>","protected":false},"featured_media":12512,"comment_status":"open","ping_status":"closed","template":"","meta":[],"product_cat":[104,112,146,772,145],"product_tag":[],"class_list":{"0":"post-12511","1":"product","2":"type-product","3":"status-publish","4":"has-post-thumbnail","6":"product_brand-isacco","7":"product_cat-kokariided","8":"product_cat-polled","9":"product_cat-polled1755886053","10":"product_cat-teenindaja-poll-70x65cm","11":"product_cat-teenindusriided","13":"first","14":"instock","15":"shipping-taxable","16":"purchasable","17":"product-type-simple"},"_links":{"self":[{"href":"https:\/\/uus.kokariided.ee\/en\/wp-json\/wp\/v2\/product\/12511","targetHints":{"allow":["GET"]}}],"collection":[{"href":"https:\/\/uus.kokariided.ee\/en\/wp-json\/wp\/v2\/product"}],"about":[{"href":"https:\/\/uus.kokariided.ee\/en\/wp-json\/wp\/v2\/types\/product"}],"replies":[{"embeddable":true,"href":"https:\/\/uus.kokariided.ee\/en\/wp-json\/wp\/v2\/comments?post=12511"}],"wp:featuredmedia":[{"embeddable":true,"href":"https:\/\/uus.kokariided.ee\/en\/wp-json\/wp\/v2\/media\/12512"}],"wp:attachment":[{"href":"https:\/\/uus.kokariided.ee\/en\/wp-json\/wp\/v2\/media?parent=12511"}],"wp:term":[{"taxonomy":"product_cat","embeddable":true,"href":"https:\/\/uus.kokariided.ee\/en\/wp-json\/wp\/v2\/product_cat?post=12511"},{"taxonomy":"product_tag","embeddable":true,"href":"https:\/\/uus.kokariided.ee\/en\/wp-json\/wp\/v2\/product_tag?post=12511"}],"curies":[{"name":"wp","href":"https:\/\/api.w.org\/{rel}","templated":true}]}}