{"id":12514,"date":"2018-08-17T13:45:30","date_gmt":"2018-08-17T13:45:30","guid":{"rendered":"https:\/\/uus.kokariided.ee\/?product=kleit-1755945208"},"modified":"2019-04-01T11:36:54","modified_gmt":"2019-04-01T11:36:54","slug":"kleit-1755945208","status":"publish","type":"product","link":"https:\/\/uus.kokariided.ee\/en\/product\/kleit-1755945208\/","title":{"rendered":"Kleit"},"content":{"rendered":"<p>37.5\u00ae tehnoloogia jahutab, kui t\u00f6\u00f6keskkonnas on soe ja soojendab, kui t\u00f6\u00f6keskkonnas on k\u00fclm<\/p>","protected":false},"excerpt":{"rendered":"<p>Regular\u00a0fit<br \/>\nVett- ja mustusth\u00fclgav kangas, mittekortsuv ja hingav stret\u0161kangas. \u00dcmar\u00a0kaelus, selja taga l\u00f5hik, t\u00e4ielikult vooderdatud, dekoratiiv\u00f5mblused, seljapikkus 97 cm (suurusel 38). Masinpestav.<br \/>\nKoostis: 52\/46\/2% pol\u00fcester\/uusvill\/elastaan.\u00a0<br \/>\n37.5\u00ae tehnoloogia<br \/>\nVAATA VIDEOT!\u00a0&#8211; kuidas hooldada<br \/>\n\u00a0<\/p>","protected":false},"featured_media":12515,"comment_status":"open","ping_status":"closed","template":"","meta":[],"product_cat":[733,145],"product_tag":[],"class_list":{"0":"post-12514","1":"product","2":"type-product","3":"status-publish","4":"has-post-thumbnail","6":"product_brand-greiff","7":"product_cat-kleidid","8":"product_cat-teenindusriided","10":"first","11":"instock","12":"shipping-taxable","13":"purchasable","14":"product-type-variable"},"_links":{"self":[{"href":"https:\/\/uus.kokariided.ee\/en\/wp-json\/wp\/v2\/product\/12514","targetHints":{"allow":["GET"]}}],"collection":[{"href":"https:\/\/uus.kokariided.ee\/en\/wp-json\/wp\/v2\/product"}],"about":[{"href":"https:\/\/uus.kokariided.ee\/en\/wp-json\/wp\/v2\/types\/product"}],"replies":[{"embeddable":true,"href":"https:\/\/uus.kokariided.ee\/en\/wp-json\/wp\/v2\/comments?post=12514"}],"wp:featuredmedia":[{"embeddable":true,"href":"https:\/\/uus.kokariided.ee\/en\/wp-json\/wp\/v2\/media\/12515"}],"wp:attachment":[{"href":"https:\/\/uus.kokariided.ee\/en\/wp-json\/wp\/v2\/media?parent=12514"}],"wp:term":[{"taxonomy":"product_cat","embeddable":true,"href":"https:\/\/uus.kokariided.ee\/en\/wp-json\/wp\/v2\/product_cat?post=12514"},{"taxonomy":"product_tag","embeddable":true,"href":"https:\/\/uus.kokariided.ee\/en\/wp-json\/wp\/v2\/product_tag?post=12514"}],"curies":[{"name":"wp","href":"https:\/\/api.w.org\/{rel}","templated":true}]}}