{"id":12601,"date":"2018-12-04T15:55:24","date_gmt":"2018-12-04T15:55:24","guid":{"rendered":"https:\/\/uus.kokariided.ee\/?product=kokapueksid-enoch-marrone"},"modified":"2025-06-06T13:07:17","modified_gmt":"2025-06-06T13:07:17","slug":"kokapueksid-enoch-marrone","status":"publish","type":"product","link":"https:\/\/uus.kokariided.ee\/en\/product\/kokapueksid-enoch-marrone\/","title":{"rendered":"Kokap\u00fcksid ENOCH, marrone"},"content":{"rendered":"<h2><\/h2>","protected":false},"excerpt":{"rendered":"<p>P\u00fcksid, millel on luku ning n\u00f6\u00f6biga kinnitus. V\u00f6\u00f6 on elastne ning aasadega, mis v\u00f5imaldab ka\u00a0rihma\u00a0kasutada. K\u00fclgedel ning taga kaks taskut.<br \/>\n67% puuvill, 31% pol\u00fcester, 2% spandex, 200 g\/m2, pesu kuni 60 kraadi<\/p>\n<p>Saadaval viimased suurused!<\/p>","protected":false},"featured_media":12602,"comment_status":"open","ping_status":"closed","template":"","meta":[],"product_cat":[104,787,788,113],"product_tag":[],"class_list":{"0":"post-12601","1":"product","2":"type-product","3":"status-publish","4":"has-post-thumbnail","6":"product_brand-giblors","7":"product_cat-kokariided","8":"product_cat-meeste-kokapueksid","9":"product_cat-naiste-kokapueksid","10":"product_cat-pueksid","12":"first","13":"instock","14":"sale","15":"shipping-taxable","16":"purchasable","17":"product-type-variable"},"_links":{"self":[{"href":"https:\/\/uus.kokariided.ee\/en\/wp-json\/wp\/v2\/product\/12601","targetHints":{"allow":["GET"]}}],"collection":[{"href":"https:\/\/uus.kokariided.ee\/en\/wp-json\/wp\/v2\/product"}],"about":[{"href":"https:\/\/uus.kokariided.ee\/en\/wp-json\/wp\/v2\/types\/product"}],"replies":[{"embeddable":true,"href":"https:\/\/uus.kokariided.ee\/en\/wp-json\/wp\/v2\/comments?post=12601"}],"wp:featuredmedia":[{"embeddable":true,"href":"https:\/\/uus.kokariided.ee\/en\/wp-json\/wp\/v2\/media\/12602"}],"wp:attachment":[{"href":"https:\/\/uus.kokariided.ee\/en\/wp-json\/wp\/v2\/media?parent=12601"}],"wp:term":[{"taxonomy":"product_cat","embeddable":true,"href":"https:\/\/uus.kokariided.ee\/en\/wp-json\/wp\/v2\/product_cat?post=12601"},{"taxonomy":"product_tag","embeddable":true,"href":"https:\/\/uus.kokariided.ee\/en\/wp-json\/wp\/v2\/product_tag?post=12601"}],"curies":[{"name":"wp","href":"https:\/\/api.w.org\/{rel}","templated":true}]}}