{"id":12610,"date":"2018-12-06T13:38:08","date_gmt":"2018-12-06T13:38:08","guid":{"rendered":"https:\/\/uus.kokariided.ee\/?product=nime-tikkimine"},"modified":"2024-05-16T15:54:05","modified_gmt":"2024-05-16T15:54:05","slug":"nime-tikkimine","status":"publish","type":"product","link":"https:\/\/uus.kokariided.ee\/en\/product\/nime-tikkimine\/","title":{"rendered":"Nime tikkimine"},"content":{"rendered":"","protected":false},"excerpt":{"rendered":"<p>Tellimuse vormistamise l\u00f5pus kirjuta lisainfo v\u00e4ljale, mis nime v\u00f5i teksti oma tellitud tootele soovid ning mis fondis &#8211; vali sobilik piltidelt. Abiks on, kui lisad teksti suuruse ja niidi tooni. Arvestama peab umbes n\u00e4dalase ooteajaga.<br \/>\nNB! Tikitud tooteid ei vahetata ega ole v\u00f5imalik tagastada!<\/p>","protected":false},"featured_media":12611,"comment_status":"open","ping_status":"closed","template":"","meta":[],"product_cat":[104,163],"product_tag":[],"class_list":{"0":"post-12610","1":"product","2":"type-product","3":"status-publish","4":"has-post-thumbnail","6":"product_cat-kokariided","7":"product_cat-tikkimine","9":"first","10":"instock","11":"shipping-taxable","12":"purchasable","13":"product-type-simple"},"_links":{"self":[{"href":"https:\/\/uus.kokariided.ee\/en\/wp-json\/wp\/v2\/product\/12610","targetHints":{"allow":["GET"]}}],"collection":[{"href":"https:\/\/uus.kokariided.ee\/en\/wp-json\/wp\/v2\/product"}],"about":[{"href":"https:\/\/uus.kokariided.ee\/en\/wp-json\/wp\/v2\/types\/product"}],"replies":[{"embeddable":true,"href":"https:\/\/uus.kokariided.ee\/en\/wp-json\/wp\/v2\/comments?post=12610"}],"wp:featuredmedia":[{"embeddable":true,"href":"https:\/\/uus.kokariided.ee\/en\/wp-json\/wp\/v2\/media\/12611"}],"wp:attachment":[{"href":"https:\/\/uus.kokariided.ee\/en\/wp-json\/wp\/v2\/media?parent=12610"}],"wp:term":[{"taxonomy":"product_cat","embeddable":true,"href":"https:\/\/uus.kokariided.ee\/en\/wp-json\/wp\/v2\/product_cat?post=12610"},{"taxonomy":"product_tag","embeddable":true,"href":"https:\/\/uus.kokariided.ee\/en\/wp-json\/wp\/v2\/product_tag?post=12610"}],"curies":[{"name":"wp","href":"https:\/\/api.w.org\/{rel}","templated":true}]}}