{"id":12629,"date":"2018-12-21T16:13:56","date_gmt":"2018-12-21T16:13:56","guid":{"rendered":"https:\/\/uus.kokariided.ee\/?product=kokajakk-lady-euro-100-pv-valge"},"modified":"2025-01-17T17:15:59","modified_gmt":"2025-01-17T17:15:59","slug":"kokajakk-lady-euro-100-pv-valge","status":"publish","type":"product","link":"https:\/\/uus.kokariided.ee\/en\/product\/kokajakk-lady-euro-100-pv-valge\/","title":{"rendered":"Kokajakk Lady euro, 100% pv, valge"},"content":{"rendered":"","protected":false},"excerpt":{"rendered":"<p>Naiste pikkade varrukatega kokajakk, millel on tumesinised n\u00f6\u00f6bid. Sinine krae\u00e4\u00e4r, Euro t\u00e4heringidega. Varrukatel samuti Euro t\u00e4heringidega sinine detail. Pesu kuni 60 kraadi<br \/>\nMaterjal: 100% puuvill, 190 g\/m2<\/p>","protected":false},"featured_media":12630,"comment_status":"open","ping_status":"closed","template":"","meta":[],"product_cat":[110,104,790,106],"product_tag":[213],"class_list":{"0":"post-12629","1":"product","2":"type-product","3":"status-publish","4":"has-post-thumbnail","6":"product_brand-isacco","7":"product_cat-kokajakid","8":"product_cat-kokariided","9":"product_cat-naiste-kokajakid","10":"product_cat-soodusmueuek","11":"product_tag-puuvill","13":"first","14":"instock","15":"shipping-taxable","16":"purchasable","17":"product-type-variable"},"_links":{"self":[{"href":"https:\/\/uus.kokariided.ee\/en\/wp-json\/wp\/v2\/product\/12629","targetHints":{"allow":["GET"]}}],"collection":[{"href":"https:\/\/uus.kokariided.ee\/en\/wp-json\/wp\/v2\/product"}],"about":[{"href":"https:\/\/uus.kokariided.ee\/en\/wp-json\/wp\/v2\/types\/product"}],"replies":[{"embeddable":true,"href":"https:\/\/uus.kokariided.ee\/en\/wp-json\/wp\/v2\/comments?post=12629"}],"wp:featuredmedia":[{"embeddable":true,"href":"https:\/\/uus.kokariided.ee\/en\/wp-json\/wp\/v2\/media\/12630"}],"wp:attachment":[{"href":"https:\/\/uus.kokariided.ee\/en\/wp-json\/wp\/v2\/media?parent=12629"}],"wp:term":[{"taxonomy":"product_cat","embeddable":true,"href":"https:\/\/uus.kokariided.ee\/en\/wp-json\/wp\/v2\/product_cat?post=12629"},{"taxonomy":"product_tag","embeddable":true,"href":"https:\/\/uus.kokariided.ee\/en\/wp-json\/wp\/v2\/product_tag?post=12629"}],"curies":[{"name":"wp","href":"https:\/\/api.w.org\/{rel}","templated":true}]}}