{"id":12656,"date":"2019-01-10T13:21:50","date_gmt":"2019-01-10T13:21:50","guid":{"rendered":"https:\/\/uus.kokariided.ee\/?product=sfc-jalanoud-zinc-1755945316"},"modified":"2025-08-26T10:53:19","modified_gmt":"2025-08-26T10:53:19","slug":"sfc-jalanoud-zinc-1755945316","status":"publish","type":"product","link":"https:\/\/uus.kokariided.ee\/en\/product\/sfc-jalanoud-zinc-1755945316\/","title":{"rendered":"SFC jalan\u00f5ud ZINC white"},"content":{"rendered":"","protected":false},"excerpt":{"rendered":"<p>M\u00f5nusalt kerged ja libisemisvastase tallaga veekindlad jalan\u00f5ud!<\/p>\n<p>*\u00a0Libisemiskindel* P\u00f6\u00f6rlev rihm kanna toestamiseks* Neli ventilatsiooniava kinga sisek\u00fcljel<br \/>\n*\u00a0\u00dclikerged ja veekindlad*\u00a0Valmistatud vastupidavast, k\u00f5rgekvaliteetsest EVA \/ kummi segust<\/p>","protected":false},"featured_media":12657,"comment_status":"open","ping_status":"closed","template":"","meta":[],"product_cat":[107,104],"product_tag":[],"class_list":{"0":"post-12656","1":"product","2":"type-product","3":"status-publish","4":"has-post-thumbnail","6":"product_cat-jalanoud","7":"product_cat-kokariided","9":"first","10":"instock","11":"shipping-taxable","12":"purchasable","13":"product-type-variable"},"_links":{"self":[{"href":"https:\/\/uus.kokariided.ee\/en\/wp-json\/wp\/v2\/product\/12656","targetHints":{"allow":["GET"]}}],"collection":[{"href":"https:\/\/uus.kokariided.ee\/en\/wp-json\/wp\/v2\/product"}],"about":[{"href":"https:\/\/uus.kokariided.ee\/en\/wp-json\/wp\/v2\/types\/product"}],"replies":[{"embeddable":true,"href":"https:\/\/uus.kokariided.ee\/en\/wp-json\/wp\/v2\/comments?post=12656"}],"wp:featuredmedia":[{"embeddable":true,"href":"https:\/\/uus.kokariided.ee\/en\/wp-json\/wp\/v2\/media\/12657"}],"wp:attachment":[{"href":"https:\/\/uus.kokariided.ee\/en\/wp-json\/wp\/v2\/media?parent=12656"}],"wp:term":[{"taxonomy":"product_cat","embeddable":true,"href":"https:\/\/uus.kokariided.ee\/en\/wp-json\/wp\/v2\/product_cat?post=12656"},{"taxonomy":"product_tag","embeddable":true,"href":"https:\/\/uus.kokariided.ee\/en\/wp-json\/wp\/v2\/product_tag?post=12656"}],"curies":[{"name":"wp","href":"https:\/\/api.w.org\/{rel}","templated":true}]}}