{"id":12687,"date":"2019-01-30T17:23:44","date_gmt":"2019-01-30T17:23:44","guid":{"rendered":"https:\/\/uus.kokariided.ee\/?product=koeoegiraetik"},"modified":"2024-05-16T15:54:05","modified_gmt":"2024-05-16T15:54:05","slug":"koeoegiraetik","status":"publish","type":"product","link":"https:\/\/uus.kokariided.ee\/en\/product\/koeoegiraetik\/","title":{"rendered":"K\u00f6\u00f6gir\u00e4tik  50x100cm"},"content":{"rendered":"","protected":false},"excerpt":{"rendered":"<p>Materjal: 100% puuvill<br \/>\nSuurus 50*100cm<br \/>\nMasinpesu 60 kraadiga.<\/p>","protected":false},"featured_media":12688,"comment_status":"open","ping_status":"closed","template":"","meta":[],"product_cat":[104,777],"product_tag":[275,278,276],"class_list":{"0":"post-12687","1":"product","2":"type-product","3":"status-publish","4":"has-post-thumbnail","6":"product_cat-kokariided","7":"product_cat-koeoegiraetikud","8":"product_tag-koogi","9":"product_tag-noude","10":"product_tag-ratik","12":"first","13":"instock","14":"shipping-taxable","15":"purchasable","16":"product-type-variable"},"_links":{"self":[{"href":"https:\/\/uus.kokariided.ee\/en\/wp-json\/wp\/v2\/product\/12687","targetHints":{"allow":["GET"]}}],"collection":[{"href":"https:\/\/uus.kokariided.ee\/en\/wp-json\/wp\/v2\/product"}],"about":[{"href":"https:\/\/uus.kokariided.ee\/en\/wp-json\/wp\/v2\/types\/product"}],"replies":[{"embeddable":true,"href":"https:\/\/uus.kokariided.ee\/en\/wp-json\/wp\/v2\/comments?post=12687"}],"wp:featuredmedia":[{"embeddable":true,"href":"https:\/\/uus.kokariided.ee\/en\/wp-json\/wp\/v2\/media\/12688"}],"wp:attachment":[{"href":"https:\/\/uus.kokariided.ee\/en\/wp-json\/wp\/v2\/media?parent=12687"}],"wp:term":[{"taxonomy":"product_cat","embeddable":true,"href":"https:\/\/uus.kokariided.ee\/en\/wp-json\/wp\/v2\/product_cat?post=12687"},{"taxonomy":"product_tag","embeddable":true,"href":"https:\/\/uus.kokariided.ee\/en\/wp-json\/wp\/v2\/product_tag?post=12687"}],"curies":[{"name":"wp","href":"https:\/\/api.w.org\/{rel}","templated":true}]}}