{"id":12705,"date":"2019-02-06T12:09:38","date_gmt":"2019-02-06T12:09:38","guid":{"rendered":"https:\/\/uus.kokariided.ee\/?product=kokajakk-ottavio-mm-black-pc"},"modified":"2025-05-29T12:34:51","modified_gmt":"2025-05-29T12:34:51","slug":"kokajakk-ottavio-mm-black-pc","status":"publish","type":"product","link":"https:\/\/uus.kokariided.ee\/en\/product\/kokajakk-ottavio-mm-black-pc\/","title":{"rendered":"Kokajakk Ottavio MM Black PC"},"content":{"rendered":"","protected":false},"excerpt":{"rendered":"<p>Unisex kokajakk, mille seljaosal on veniv ning hingav v\u00f5rkkangas. L\u00fchikesed varrukad ning jaki esiosa on pol\u00fcester-puuvillasegust. Vasakul rinnal on tasku, kitsas tasku on ka vasakul varrukal. Kinnitus on peidetud trukkidega, millel puudub nahakontakt.<br \/>\n65% pol\u00fcester, 35% puuvill<br \/>\nSaadaval suurustes S &#8211; 4XL<\/p>","protected":false},"featured_media":12706,"comment_status":"open","ping_status":"closed","template":"","meta":[],"product_cat":[110,104,789],"product_tag":[],"class_list":{"0":"post-12705","1":"product","2":"type-product","3":"status-publish","4":"has-post-thumbnail","6":"product_cat-kokajakid","7":"product_cat-kokariided","8":"product_cat-meeste-unisex-kokajakid","10":"first","11":"instock","12":"shipping-taxable","13":"purchasable","14":"product-type-variable"},"_links":{"self":[{"href":"https:\/\/uus.kokariided.ee\/en\/wp-json\/wp\/v2\/product\/12705","targetHints":{"allow":["GET"]}}],"collection":[{"href":"https:\/\/uus.kokariided.ee\/en\/wp-json\/wp\/v2\/product"}],"about":[{"href":"https:\/\/uus.kokariided.ee\/en\/wp-json\/wp\/v2\/types\/product"}],"replies":[{"embeddable":true,"href":"https:\/\/uus.kokariided.ee\/en\/wp-json\/wp\/v2\/comments?post=12705"}],"wp:featuredmedia":[{"embeddable":true,"href":"https:\/\/uus.kokariided.ee\/en\/wp-json\/wp\/v2\/media\/12706"}],"wp:attachment":[{"href":"https:\/\/uus.kokariided.ee\/en\/wp-json\/wp\/v2\/media?parent=12705"}],"wp:term":[{"taxonomy":"product_cat","embeddable":true,"href":"https:\/\/uus.kokariided.ee\/en\/wp-json\/wp\/v2\/product_cat?post=12705"},{"taxonomy":"product_tag","embeddable":true,"href":"https:\/\/uus.kokariided.ee\/en\/wp-json\/wp\/v2\/product_tag?post=12705"}],"curies":[{"name":"wp","href":"https:\/\/api.w.org\/{rel}","templated":true}]}}