{"id":12714,"date":"2019-03-04T10:20:14","date_gmt":"2019-03-04T10:20:14","guid":{"rendered":"https:\/\/uus.kokariided.ee\/?product=pearaetik-must"},"modified":"2024-10-15T12:34:25","modified_gmt":"2024-10-15T12:34:25","slug":"pearaetik-must","status":"publish","type":"product","link":"https:\/\/uus.kokariided.ee\/en\/product\/pearaetik-must\/","title":{"rendered":"Pear\u00e4tik must"},"content":{"rendered":"","protected":false},"excerpt":{"rendered":"<p>Saab kasutada ka kaelar\u00e4tikuna. M\u00f5\u00f5dud 38x105cm.<br \/>\n65% pol\u00fcester, 35% puuvill.<\/p>","protected":false},"featured_media":12715,"comment_status":"open","ping_status":"closed","template":"","meta":[],"product_cat":[111,104],"product_tag":[517,519,516,518,276,520],"class_list":{"0":"post-12714","1":"product","2":"type-product","3":"status-publish","4":"has-post-thumbnail","6":"product_cat-kokamuetsid-ja-peakatted","7":"product_cat-kokariided","8":"product_tag-kaelaratik","9":"product_tag-kaelaratt","10":"product_tag-pearatik","11":"product_tag-pearatt","12":"product_tag-ratik","13":"product_tag-ratt","15":"first","16":"instock","17":"shipping-taxable","18":"purchasable","19":"product-type-simple"},"_links":{"self":[{"href":"https:\/\/uus.kokariided.ee\/en\/wp-json\/wp\/v2\/product\/12714","targetHints":{"allow":["GET"]}}],"collection":[{"href":"https:\/\/uus.kokariided.ee\/en\/wp-json\/wp\/v2\/product"}],"about":[{"href":"https:\/\/uus.kokariided.ee\/en\/wp-json\/wp\/v2\/types\/product"}],"replies":[{"embeddable":true,"href":"https:\/\/uus.kokariided.ee\/en\/wp-json\/wp\/v2\/comments?post=12714"}],"wp:featuredmedia":[{"embeddable":true,"href":"https:\/\/uus.kokariided.ee\/en\/wp-json\/wp\/v2\/media\/12715"}],"wp:attachment":[{"href":"https:\/\/uus.kokariided.ee\/en\/wp-json\/wp\/v2\/media?parent=12714"}],"wp:term":[{"taxonomy":"product_cat","embeddable":true,"href":"https:\/\/uus.kokariided.ee\/en\/wp-json\/wp\/v2\/product_cat?post=12714"},{"taxonomy":"product_tag","embeddable":true,"href":"https:\/\/uus.kokariided.ee\/en\/wp-json\/wp\/v2\/product_tag?post=12714"}],"curies":[{"name":"wp","href":"https:\/\/api.w.org\/{rel}","templated":true}]}}