{"id":12716,"date":"2019-03-04T10:52:52","date_gmt":"2019-03-04T10:52:52","guid":{"rendered":"https:\/\/uus.kokariided.ee\/?product=pearaetik-grey-mix"},"modified":"2024-12-27T12:32:06","modified_gmt":"2024-12-27T12:32:06","slug":"pearaetik-grey-mix","status":"publish","type":"product","link":"https:\/\/uus.kokariided.ee\/en\/product\/pearaetik-grey-mix\/","title":{"rendered":"Pear\u00e4tik, Grey Mix"},"content":{"rendered":"","protected":false},"excerpt":{"rendered":"<p>Saab kasutada ka kaelar\u00e4tikuna. M\u00f5\u00f5dud 38x105cm.<br \/>\n65% pol\u00fcester, 35%\u00a0puuvill<\/p>","protected":false},"featured_media":12717,"comment_status":"open","ping_status":"closed","template":"","meta":[],"product_cat":[111,104],"product_tag":[517,519,516,518,276],"class_list":{"0":"post-12716","1":"product","2":"type-product","3":"status-publish","4":"has-post-thumbnail","6":"product_brand-egochef","7":"product_cat-kokamuetsid-ja-peakatted","8":"product_cat-kokariided","9":"product_tag-kaelaratik","10":"product_tag-kaelaratt","11":"product_tag-pearatik","12":"product_tag-pearatt","13":"product_tag-ratik","15":"first","16":"instock","17":"shipping-taxable","18":"purchasable","19":"product-type-simple"},"_links":{"self":[{"href":"https:\/\/uus.kokariided.ee\/en\/wp-json\/wp\/v2\/product\/12716","targetHints":{"allow":["GET"]}}],"collection":[{"href":"https:\/\/uus.kokariided.ee\/en\/wp-json\/wp\/v2\/product"}],"about":[{"href":"https:\/\/uus.kokariided.ee\/en\/wp-json\/wp\/v2\/types\/product"}],"replies":[{"embeddable":true,"href":"https:\/\/uus.kokariided.ee\/en\/wp-json\/wp\/v2\/comments?post=12716"}],"wp:featuredmedia":[{"embeddable":true,"href":"https:\/\/uus.kokariided.ee\/en\/wp-json\/wp\/v2\/media\/12717"}],"wp:attachment":[{"href":"https:\/\/uus.kokariided.ee\/en\/wp-json\/wp\/v2\/media?parent=12716"}],"wp:term":[{"taxonomy":"product_cat","embeddable":true,"href":"https:\/\/uus.kokariided.ee\/en\/wp-json\/wp\/v2\/product_cat?post=12716"},{"taxonomy":"product_tag","embeddable":true,"href":"https:\/\/uus.kokariided.ee\/en\/wp-json\/wp\/v2\/product_tag?post=12716"}],"curies":[{"name":"wp","href":"https:\/\/api.w.org\/{rel}","templated":true}]}}