{"id":12721,"date":"2019-03-13T13:15:29","date_gmt":"2019-03-13T13:15:29","guid":{"rendered":"https:\/\/uus.kokariided.ee\/?product=pajakinnas-ja-pajalapp-erinevad-vaervid"},"modified":"2024-05-16T15:54:05","modified_gmt":"2024-05-16T15:54:05","slug":"pajakinnas-ja-pajalapp-erinevad-vaervid","status":"publish","type":"product","link":"https:\/\/uus.kokariided.ee\/en\/product\/pajakinnas-ja-pajalapp-erinevad-vaervid\/","title":{"rendered":"Pajakinnas ja pajalapp &#8211; erinevad v\u00e4rvid"},"content":{"rendered":"","protected":false},"excerpt":{"rendered":"<p>Komplektis on pajakinnas ja pajalapp.<br \/>\nKinda m\u00f5\u00f5dud 16x32cm, pajalapi m\u00f5\u00f5dud 20x20cm.<\/p>\n<p>100% puuvill 290 g \/ m\u00b2<\/p>\n<p>Hooldusjuhised:\u00a0pleegitamine pole lubatud, keskmisel temperatuuril triikimine, professionaalne puhastus, mitte trummelkuivatada, pesta 30 \u00b0 C juures.<\/p>","protected":false},"featured_media":12722,"comment_status":"open","ping_status":"closed","template":"","meta":[],"product_cat":[777],"product_tag":[524,523,522,525,521,526],"class_list":{"0":"post-12721","1":"product","2":"type-product","3":"status-publish","4":"has-post-thumbnail","6":"product_cat-koeoegiraetikud","7":"product_tag-kindad","8":"product_tag-kinnas","9":"product_tag-paja","10":"product_tag-pajakindad","11":"product_tag-pajakinnas","12":"product_tag-pajalapp","14":"first","15":"instock","16":"shipping-taxable","17":"purchasable","18":"product-type-variable"},"_links":{"self":[{"href":"https:\/\/uus.kokariided.ee\/en\/wp-json\/wp\/v2\/product\/12721","targetHints":{"allow":["GET"]}}],"collection":[{"href":"https:\/\/uus.kokariided.ee\/en\/wp-json\/wp\/v2\/product"}],"about":[{"href":"https:\/\/uus.kokariided.ee\/en\/wp-json\/wp\/v2\/types\/product"}],"replies":[{"embeddable":true,"href":"https:\/\/uus.kokariided.ee\/en\/wp-json\/wp\/v2\/comments?post=12721"}],"wp:featuredmedia":[{"embeddable":true,"href":"https:\/\/uus.kokariided.ee\/en\/wp-json\/wp\/v2\/media\/12722"}],"wp:attachment":[{"href":"https:\/\/uus.kokariided.ee\/en\/wp-json\/wp\/v2\/media?parent=12721"}],"wp:term":[{"taxonomy":"product_cat","embeddable":true,"href":"https:\/\/uus.kokariided.ee\/en\/wp-json\/wp\/v2\/product_cat?post=12721"},{"taxonomy":"product_tag","embeddable":true,"href":"https:\/\/uus.kokariided.ee\/en\/wp-json\/wp\/v2\/product_tag?post=12721"}],"curies":[{"name":"wp","href":"https:\/\/api.w.org\/{rel}","templated":true}]}}