{"id":12726,"date":"2019-03-21T11:34:48","date_gmt":"2019-03-21T11:34:48","guid":{"rendered":"https:\/\/uus.kokariided.ee\/?product=meeste-basic-triiksaerk-rf-must"},"modified":"2025-04-25T12:41:01","modified_gmt":"2025-04-25T12:41:01","slug":"meeste-basic-triiksaerk-rf-must","status":"publish","type":"product","link":"https:\/\/uus.kokariided.ee\/en\/product\/meeste-basic-triiksaerk-rf-must\/","title":{"rendered":"Meeste BASIC triiks\u00e4rk RF, must"},"content":{"rendered":"","protected":false},"excerpt":{"rendered":"<p>Meeste sirge l\u00f5ikega Regular fit pikkade varrukatega triiks\u00e4rk, millel on \u00fcks rinnatasku. Kenti krae, mansett \u00fche n\u00f6\u00f6biga.<br \/>\nPuuvill 62%, pol\u00fcester 35%, elastaan 3%,\u00a0130 g\/m\u00b2<\/p>\n<p>Saadaval erinevad v\u00e4rvitoonid.<\/p>","protected":false},"featured_media":12727,"comment_status":"open","ping_status":"closed","template":"","meta":[],"product_cat":[754],"product_tag":[],"class_list":{"0":"post-12726","1":"product","2":"type-product","3":"status-publish","4":"has-post-thumbnail","6":"product_brand-greiff","7":"product_cat-meeste-saergid","9":"first","10":"instock","11":"shipping-taxable","12":"purchasable","13":"product-type-variable"},"_links":{"self":[{"href":"https:\/\/uus.kokariided.ee\/en\/wp-json\/wp\/v2\/product\/12726","targetHints":{"allow":["GET"]}}],"collection":[{"href":"https:\/\/uus.kokariided.ee\/en\/wp-json\/wp\/v2\/product"}],"about":[{"href":"https:\/\/uus.kokariided.ee\/en\/wp-json\/wp\/v2\/types\/product"}],"replies":[{"embeddable":true,"href":"https:\/\/uus.kokariided.ee\/en\/wp-json\/wp\/v2\/comments?post=12726"}],"wp:featuredmedia":[{"embeddable":true,"href":"https:\/\/uus.kokariided.ee\/en\/wp-json\/wp\/v2\/media\/12727"}],"wp:attachment":[{"href":"https:\/\/uus.kokariided.ee\/en\/wp-json\/wp\/v2\/media?parent=12726"}],"wp:term":[{"taxonomy":"product_cat","embeddable":true,"href":"https:\/\/uus.kokariided.ee\/en\/wp-json\/wp\/v2\/product_cat?post=12726"},{"taxonomy":"product_tag","embeddable":true,"href":"https:\/\/uus.kokariided.ee\/en\/wp-json\/wp\/v2\/product_tag?post=12726"}],"curies":[{"name":"wp","href":"https:\/\/api.w.org\/{rel}","templated":true}]}}