{"id":12835,"date":"2019-07-23T00:19:47","date_gmt":"2019-07-23T00:19:47","guid":{"rendered":"https:\/\/uus.kokariided.ee\/?product=klapiga-poll-142-valge"},"modified":"2024-07-10T16:25:05","modified_gmt":"2024-07-10T16:25:05","slug":"klapiga-poll-142-valge","status":"publish","type":"product","link":"https:\/\/uus.kokariided.ee\/en\/product\/klapiga-poll-142-valge\/","title":{"rendered":"Klapiga p\u00f5ll 142 Valge"},"content":{"rendered":"","protected":false},"excerpt":{"rendered":"<p>P\u00f5ll 75x75cm, reguleeritavP\u00f5ll sobilik \u00a0naisteenindajale\/kokale, 1 taskugaMaterjalid:100 %puuvill<\/p>","protected":false},"featured_media":12836,"comment_status":"open","ping_status":"closed","template":"","meta":[],"product_cat":[776,104,112],"product_tag":[],"class_list":{"0":"post-12835","1":"product","2":"type-product","3":"status-publish","4":"has-post-thumbnail","6":"product_brand-exner","7":"product_cat-klapiga-poll-75x75cm1756114975","8":"product_cat-kokariided","9":"product_cat-polled","11":"first","12":"instock","13":"shipping-taxable","14":"purchasable","15":"product-type-simple"},"_links":{"self":[{"href":"https:\/\/uus.kokariided.ee\/en\/wp-json\/wp\/v2\/product\/12835","targetHints":{"allow":["GET"]}}],"collection":[{"href":"https:\/\/uus.kokariided.ee\/en\/wp-json\/wp\/v2\/product"}],"about":[{"href":"https:\/\/uus.kokariided.ee\/en\/wp-json\/wp\/v2\/types\/product"}],"replies":[{"embeddable":true,"href":"https:\/\/uus.kokariided.ee\/en\/wp-json\/wp\/v2\/comments?post=12835"}],"wp:featuredmedia":[{"embeddable":true,"href":"https:\/\/uus.kokariided.ee\/en\/wp-json\/wp\/v2\/media\/12836"}],"wp:attachment":[{"href":"https:\/\/uus.kokariided.ee\/en\/wp-json\/wp\/v2\/media?parent=12835"}],"wp:term":[{"taxonomy":"product_cat","embeddable":true,"href":"https:\/\/uus.kokariided.ee\/en\/wp-json\/wp\/v2\/product_cat?post=12835"},{"taxonomy":"product_tag","embeddable":true,"href":"https:\/\/uus.kokariided.ee\/en\/wp-json\/wp\/v2\/product_tag?post=12835"}],"curies":[{"name":"wp","href":"https:\/\/api.w.org\/{rel}","templated":true}]}}