{"id":12837,"date":"2019-08-13T11:43:01","date_gmt":"2019-08-13T11:43:01","guid":{"rendered":"https:\/\/uus.kokariided.ee\/?product=naiste-strech-pueksid-mustad"},"modified":"2025-08-19T11:56:54","modified_gmt":"2025-08-19T11:56:54","slug":"naiste-strech-pueksid-mustad","status":"publish","type":"product","link":"https:\/\/uus.kokariided.ee\/en\/product\/naiste-strech-pueksid-mustad\/","title":{"rendered":"Naiste stret\u0161 p\u00fcksid, mustad"},"content":{"rendered":"","protected":false},"excerpt":{"rendered":"<p>V\u00e4ga kerged ja hingavad strech p\u00fcksid, kummiv\u00f6\u00f6 ja paelaga, taskuteta.<br \/>\n97% puuvill, 3% spandex,\u00a0180 g\/m\u00b2<\/p>","protected":false},"featured_media":12838,"comment_status":"open","ping_status":"closed","template":"","meta":[],"product_cat":[104,113],"product_tag":[],"class_list":{"0":"post-12837","1":"product","2":"type-product","3":"status-publish","4":"has-post-thumbnail","6":"product_cat-kokariided","7":"product_cat-pueksid","9":"first","10":"instock","11":"shipping-taxable","12":"purchasable","13":"product-type-variable"},"_links":{"self":[{"href":"https:\/\/uus.kokariided.ee\/en\/wp-json\/wp\/v2\/product\/12837","targetHints":{"allow":["GET"]}}],"collection":[{"href":"https:\/\/uus.kokariided.ee\/en\/wp-json\/wp\/v2\/product"}],"about":[{"href":"https:\/\/uus.kokariided.ee\/en\/wp-json\/wp\/v2\/types\/product"}],"replies":[{"embeddable":true,"href":"https:\/\/uus.kokariided.ee\/en\/wp-json\/wp\/v2\/comments?post=12837"}],"wp:featuredmedia":[{"embeddable":true,"href":"https:\/\/uus.kokariided.ee\/en\/wp-json\/wp\/v2\/media\/12838"}],"wp:attachment":[{"href":"https:\/\/uus.kokariided.ee\/en\/wp-json\/wp\/v2\/media?parent=12837"}],"wp:term":[{"taxonomy":"product_cat","embeddable":true,"href":"https:\/\/uus.kokariided.ee\/en\/wp-json\/wp\/v2\/product_cat?post=12837"},{"taxonomy":"product_tag","embeddable":true,"href":"https:\/\/uus.kokariided.ee\/en\/wp-json\/wp\/v2\/product_tag?post=12837"}],"curies":[{"name":"wp","href":"https:\/\/api.w.org\/{rel}","templated":true}]}}