{"id":12874,"date":"2019-08-28T13:26:04","date_gmt":"2019-08-28T13:26:04","guid":{"rendered":"https:\/\/uus.kokariided.ee\/?product=poll-black-denim-w75-l100"},"modified":"2025-04-04T14:02:02","modified_gmt":"2025-04-04T14:02:02","slug":"poll-black-denim-w75-l100","status":"publish","type":"product","link":"https:\/\/uus.kokariided.ee\/en\/product\/poll-black-denim-w75-l100\/","title":{"rendered":"P\u00f5ll black denim W75 &#8211; L100"},"content":{"rendered":"","protected":false},"excerpt":{"rendered":"<p>Teksa on populaarsem kui kunagi varem. Black-denim\u00a0 kollektsioon on valmistatud vastupidavast materjalist, millel on eksimatu teksariidest v\u00e4limus. Erinevalt p\u00e4ris teksast saab seda materjali puhastada ka t\u00f6\u00f6stuslikult.<br \/>\nSee loob trendika v\u00e4limuse ja ei sea ohtu kvaliteeti ega mugavust. P\u00f5llel on tasku ja kaelarihma saab seda lihtsalt s\u00f5lmides reguleerida.<br \/>\n60% puuvill, 40% pol\u00fcester<br \/>\n270gr\/m2<\/p>","protected":false},"featured_media":12875,"comment_status":"open","ping_status":"closed","template":"","meta":[],"product_cat":[104,112,146,145],"product_tag":[],"class_list":{"0":"post-12874","1":"product","2":"type-product","3":"status-publish","4":"has-post-thumbnail","6":"product_cat-kokariided","7":"product_cat-polled","8":"product_cat-polled1755886053","9":"product_cat-teenindusriided","11":"first","12":"instock","13":"shipping-taxable","14":"purchasable","15":"product-type-simple"},"_links":{"self":[{"href":"https:\/\/uus.kokariided.ee\/en\/wp-json\/wp\/v2\/product\/12874","targetHints":{"allow":["GET"]}}],"collection":[{"href":"https:\/\/uus.kokariided.ee\/en\/wp-json\/wp\/v2\/product"}],"about":[{"href":"https:\/\/uus.kokariided.ee\/en\/wp-json\/wp\/v2\/types\/product"}],"replies":[{"embeddable":true,"href":"https:\/\/uus.kokariided.ee\/en\/wp-json\/wp\/v2\/comments?post=12874"}],"wp:featuredmedia":[{"embeddable":true,"href":"https:\/\/uus.kokariided.ee\/en\/wp-json\/wp\/v2\/media\/12875"}],"wp:attachment":[{"href":"https:\/\/uus.kokariided.ee\/en\/wp-json\/wp\/v2\/media?parent=12874"}],"wp:term":[{"taxonomy":"product_cat","embeddable":true,"href":"https:\/\/uus.kokariided.ee\/en\/wp-json\/wp\/v2\/product_cat?post=12874"},{"taxonomy":"product_tag","embeddable":true,"href":"https:\/\/uus.kokariided.ee\/en\/wp-json\/wp\/v2\/product_tag?post=12874"}],"curies":[{"name":"wp","href":"https:\/\/api.w.org\/{rel}","templated":true}]}}