{"id":12898,"date":"2019-10-24T14:05:29","date_gmt":"2019-10-24T14:05:29","guid":{"rendered":"https:\/\/uus.kokariided.ee\/?product=klapiga-poll-75x80cm-1-tasku"},"modified":"2025-05-14T15:36:46","modified_gmt":"2025-05-14T15:36:46","slug":"klapiga-poll-75x80cm-1-tasku","status":"publish","type":"product","link":"https:\/\/uus.kokariided.ee\/en\/product\/klapiga-poll-75x80cm-1-tasku\/","title":{"rendered":"Klapiga p\u00f5ll 75x80cm, 1 tasku"},"content":{"rendered":"","protected":false},"excerpt":{"rendered":"<p>Klassikaline klapiga p\u00f5ll m\u00f5\u00f5tudega 75x100cm. P\u00f5llel ees \u00fcks mahukas tasku. Kaelapael trukkidega reguleeritav. See p\u00f5ll sobib ideaalselt nii teenindavale personalile\u00a0kui\u00a0ka kokkadele.<br \/>\nMaterjal: 65% pol\u00fcester, 35% puuvill, 195gr\/m2<\/p>","protected":false},"featured_media":12899,"comment_status":"open","ping_status":"closed","template":"","meta":[],"product_cat":[104,112,146,145],"product_tag":[],"class_list":{"0":"post-12898","1":"product","2":"type-product","3":"status-publish","4":"has-post-thumbnail","6":"product_brand-chaud-devant","7":"product_cat-kokariided","8":"product_cat-polled","9":"product_cat-polled1755886053","10":"product_cat-teenindusriided","12":"first","13":"instock","14":"shipping-taxable","15":"purchasable","16":"product-type-simple"},"_links":{"self":[{"href":"https:\/\/uus.kokariided.ee\/en\/wp-json\/wp\/v2\/product\/12898","targetHints":{"allow":["GET"]}}],"collection":[{"href":"https:\/\/uus.kokariided.ee\/en\/wp-json\/wp\/v2\/product"}],"about":[{"href":"https:\/\/uus.kokariided.ee\/en\/wp-json\/wp\/v2\/types\/product"}],"replies":[{"embeddable":true,"href":"https:\/\/uus.kokariided.ee\/en\/wp-json\/wp\/v2\/comments?post=12898"}],"wp:featuredmedia":[{"embeddable":true,"href":"https:\/\/uus.kokariided.ee\/en\/wp-json\/wp\/v2\/media\/12899"}],"wp:attachment":[{"href":"https:\/\/uus.kokariided.ee\/en\/wp-json\/wp\/v2\/media?parent=12898"}],"wp:term":[{"taxonomy":"product_cat","embeddable":true,"href":"https:\/\/uus.kokariided.ee\/en\/wp-json\/wp\/v2\/product_cat?post=12898"},{"taxonomy":"product_tag","embeddable":true,"href":"https:\/\/uus.kokariided.ee\/en\/wp-json\/wp\/v2\/product_tag?post=12898"}],"curies":[{"name":"wp","href":"https:\/\/api.w.org\/{rel}","templated":true}]}}