{"id":12972,"date":"2020-01-17T12:55:27","date_gmt":"2020-01-17T12:55:27","guid":{"rendered":"https:\/\/uus.kokariided.ee\/?product=bandana-must-greiff"},"modified":"2025-06-12T12:43:48","modified_gmt":"2025-06-12T12:43:48","slug":"bandana-must-greiff","status":"publish","type":"product","link":"https:\/\/uus.kokariided.ee\/en\/product\/bandana-must-greiff\/","title":{"rendered":"Bandana, must Greiff"},"content":{"rendered":"","protected":false},"excerpt":{"rendered":"<p>Bandana on trendikas pear\u00e4tt, mis seotakse pea tagaosas kahe paelaga. Bandanat on v\u00e4ga lihtne hooldada ja seda versiooni saab pesta pesumasinas kuni 95 kraadi juures.<br \/>\nSuurus: bandana \u00fcks suurus sobib k\u00f5igile<br \/>\nKvaliteet: sobilik igap\u00e4evaseks tihedaks kasutuseks nii suurk\u00f6\u00f6kides kui koduk\u00f6\u00f6gis<br \/>\nMaterjal: 65% pol\u00fcester \/ 35% puuvill<\/p>","protected":false},"featured_media":12973,"comment_status":"open","ping_status":"closed","template":"","meta":[],"product_cat":[111,104,780],"product_tag":[533,531,532,536,518,535,534,229,228],"class_list":{"0":"post-12972","1":"product","2":"type-product","3":"status-publish","4":"has-post-thumbnail","6":"product_cat-kokamuetsid-ja-peakatted","7":"product_cat-kokariided","8":"product_cat-pearaetik-bandana","9":"product_tag-bandana","10":"product_tag-kokamuts","11":"product_tag-muts","12":"product_tag-peakate","13":"product_tag-pearatt","14":"product_tag-profi-bandana","15":"product_tag-profi-peratt","16":"product_tag-soodne","17":"product_tag-soodus","19":"first","20":"instock","21":"sale","22":"shipping-taxable","23":"purchasable","24":"product-type-simple"},"_links":{"self":[{"href":"https:\/\/uus.kokariided.ee\/en\/wp-json\/wp\/v2\/product\/12972","targetHints":{"allow":["GET"]}}],"collection":[{"href":"https:\/\/uus.kokariided.ee\/en\/wp-json\/wp\/v2\/product"}],"about":[{"href":"https:\/\/uus.kokariided.ee\/en\/wp-json\/wp\/v2\/types\/product"}],"replies":[{"embeddable":true,"href":"https:\/\/uus.kokariided.ee\/en\/wp-json\/wp\/v2\/comments?post=12972"}],"wp:featuredmedia":[{"embeddable":true,"href":"https:\/\/uus.kokariided.ee\/en\/wp-json\/wp\/v2\/media\/12973"}],"wp:attachment":[{"href":"https:\/\/uus.kokariided.ee\/en\/wp-json\/wp\/v2\/media?parent=12972"}],"wp:term":[{"taxonomy":"product_cat","embeddable":true,"href":"https:\/\/uus.kokariided.ee\/en\/wp-json\/wp\/v2\/product_cat?post=12972"},{"taxonomy":"product_tag","embeddable":true,"href":"https:\/\/uus.kokariided.ee\/en\/wp-json\/wp\/v2\/product_tag?post=12972"}],"curies":[{"name":"wp","href":"https:\/\/api.w.org\/{rel}","templated":true}]}}