{"id":12983,"date":"2020-02-18T13:01:09","date_gmt":"2020-02-18T13:01:09","guid":{"rendered":"https:\/\/uus.kokariided.ee\/?product=kokamuets-vorguga-valge"},"modified":"2025-04-23T12:12:01","modified_gmt":"2025-04-23T12:12:01","slug":"kokamuets-vorguga-valge","status":"publish","type":"product","link":"https:\/\/uus.kokariided.ee\/en\/product\/kokamuets-vorguga-valge\/","title":{"rendered":"Kokam\u00fcts v\u00f5rguga, valge"},"content":{"rendered":"","protected":false},"excerpt":{"rendered":"<p>Kokam\u00fcts, mis on hingavast v\u00f5rgust ning mille ees on valge \u00e4\u00e4ris. V\u00f5rguosal on kummipael mugavaks kandmiseks.<br \/>\n100% pol\u00fcester.<\/p>","protected":false},"featured_media":12984,"comment_status":"open","ping_status":"closed","template":"","meta":[],"product_cat":[111,104],"product_tag":[],"class_list":{"0":"post-12983","1":"product","2":"type-product","3":"status-publish","4":"has-post-thumbnail","6":"product_brand-egochef","7":"product_cat-kokamuetsid-ja-peakatted","8":"product_cat-kokariided","10":"first","11":"instock","12":"shipping-taxable","13":"purchasable","14":"product-type-simple"},"_links":{"self":[{"href":"https:\/\/uus.kokariided.ee\/en\/wp-json\/wp\/v2\/product\/12983","targetHints":{"allow":["GET"]}}],"collection":[{"href":"https:\/\/uus.kokariided.ee\/en\/wp-json\/wp\/v2\/product"}],"about":[{"href":"https:\/\/uus.kokariided.ee\/en\/wp-json\/wp\/v2\/types\/product"}],"replies":[{"embeddable":true,"href":"https:\/\/uus.kokariided.ee\/en\/wp-json\/wp\/v2\/comments?post=12983"}],"wp:featuredmedia":[{"embeddable":true,"href":"https:\/\/uus.kokariided.ee\/en\/wp-json\/wp\/v2\/media\/12984"}],"wp:attachment":[{"href":"https:\/\/uus.kokariided.ee\/en\/wp-json\/wp\/v2\/media?parent=12983"}],"wp:term":[{"taxonomy":"product_cat","embeddable":true,"href":"https:\/\/uus.kokariided.ee\/en\/wp-json\/wp\/v2\/product_cat?post=12983"},{"taxonomy":"product_tag","embeddable":true,"href":"https:\/\/uus.kokariided.ee\/en\/wp-json\/wp\/v2\/product_tag?post=12983"}],"curies":[{"name":"wp","href":"https:\/\/api.w.org\/{rel}","templated":true}]}}