{"id":12985,"date":"2020-03-03T10:23:46","date_gmt":"2020-03-03T10:23:46","guid":{"rendered":"https:\/\/uus.kokariided.ee\/?product=teenindaja-voeoepoll-morris-98x70cm-must"},"modified":"2025-01-03T13:33:07","modified_gmt":"2025-01-03T13:33:07","slug":"teenindaja-voeoepoll-morris-98x70cm-must","status":"publish","type":"product","link":"https:\/\/uus.kokariided.ee\/en\/product\/teenindaja-voeoepoll-morris-98x70cm-must\/","title":{"rendered":"Teenindaja v\u00f6\u00f6p\u00f5ll Morris 98x70cm, must"},"content":{"rendered":"","protected":false},"excerpt":{"rendered":"<p>Teenindaja v\u00f6\u00f6p\u00f5ll m\u00f5\u00f5tudega\u00a098x70cm ning mille paremal pool on tasku.<br \/>\n65% pol\u00fcester, 35% puuvill,\u00a0200 g\/m\u00b2<\/p>","protected":false},"featured_media":12986,"comment_status":"open","ping_status":"closed","template":"","meta":[],"product_cat":[737,104,782,112,766,785],"product_tag":[],"class_list":{"0":"post-12985","1":"product","2":"type-product","3":"status-publish","4":"has-post-thumbnail","6":"product_brand-giblors","7":"product_cat-klapiga-poll-100x80cm1756094557","8":"product_cat-kokariided","9":"product_cat-polled1756115199","10":"product_cat-polled","11":"product_cat-teenindusriided1756114957","12":"product_cat-voeoepoll-100x80cm1756115206","14":"first","15":"instock","16":"shipping-taxable","17":"purchasable","18":"product-type-simple"},"_links":{"self":[{"href":"https:\/\/uus.kokariided.ee\/en\/wp-json\/wp\/v2\/product\/12985","targetHints":{"allow":["GET"]}}],"collection":[{"href":"https:\/\/uus.kokariided.ee\/en\/wp-json\/wp\/v2\/product"}],"about":[{"href":"https:\/\/uus.kokariided.ee\/en\/wp-json\/wp\/v2\/types\/product"}],"replies":[{"embeddable":true,"href":"https:\/\/uus.kokariided.ee\/en\/wp-json\/wp\/v2\/comments?post=12985"}],"wp:featuredmedia":[{"embeddable":true,"href":"https:\/\/uus.kokariided.ee\/en\/wp-json\/wp\/v2\/media\/12986"}],"wp:attachment":[{"href":"https:\/\/uus.kokariided.ee\/en\/wp-json\/wp\/v2\/media?parent=12985"}],"wp:term":[{"taxonomy":"product_cat","embeddable":true,"href":"https:\/\/uus.kokariided.ee\/en\/wp-json\/wp\/v2\/product_cat?post=12985"},{"taxonomy":"product_tag","embeddable":true,"href":"https:\/\/uus.kokariided.ee\/en\/wp-json\/wp\/v2\/product_tag?post=12985"}],"curies":[{"name":"wp","href":"https:\/\/api.w.org\/{rel}","templated":true}]}}