{"id":13040,"date":"2020-05-27T12:25:44","date_gmt":"2020-05-27T12:25:44","guid":{"rendered":"https:\/\/uus.kokariided.ee\/?product=meeste-poll-kansas"},"modified":"2025-08-11T14:40:16","modified_gmt":"2025-08-11T14:40:16","slug":"meeste-poll-kansas","status":"publish","type":"product","link":"https:\/\/uus.kokariided.ee\/en\/product\/meeste-poll-kansas\/","title":{"rendered":"P\u00f5ll Kansas Black Jeans 70x90cm"},"content":{"rendered":"","protected":false},"excerpt":{"rendered":"<p>P\u00f5ll Kansas Jeans on sobilik teenindavasse sektorisse. V\u00f6\u00f6k\u00f5rgusel asetsevad kaks taskut teevad selle p\u00f5lle eriti praktiliseks. P\u00f5llel on kunstnahast detailid ning kaelapael on pandlaga reguleeritav.<br \/>\n100% puuvill,\u00a0220 gr\/ m\u00b2<br \/>\n70x90cm<br \/>\nNB! E-poest tellides toode 10% soodsam!<\/p>","protected":false},"featured_media":13041,"comment_status":"open","ping_status":"closed","template":"","meta":[],"product_cat":[104,146,112],"product_tag":[],"class_list":{"0":"post-13040","1":"product","2":"type-product","3":"status-publish","4":"has-post-thumbnail","6":"product_brand-isacco","7":"product_cat-kokariided","8":"product_cat-polled1755886053","9":"product_cat-polled","11":"first","12":"instock","13":"sale","14":"shipping-taxable","15":"purchasable","16":"product-type-simple"},"_links":{"self":[{"href":"https:\/\/uus.kokariided.ee\/en\/wp-json\/wp\/v2\/product\/13040","targetHints":{"allow":["GET"]}}],"collection":[{"href":"https:\/\/uus.kokariided.ee\/en\/wp-json\/wp\/v2\/product"}],"about":[{"href":"https:\/\/uus.kokariided.ee\/en\/wp-json\/wp\/v2\/types\/product"}],"replies":[{"embeddable":true,"href":"https:\/\/uus.kokariided.ee\/en\/wp-json\/wp\/v2\/comments?post=13040"}],"wp:featuredmedia":[{"embeddable":true,"href":"https:\/\/uus.kokariided.ee\/en\/wp-json\/wp\/v2\/media\/13041"}],"wp:attachment":[{"href":"https:\/\/uus.kokariided.ee\/en\/wp-json\/wp\/v2\/media?parent=13040"}],"wp:term":[{"taxonomy":"product_cat","embeddable":true,"href":"https:\/\/uus.kokariided.ee\/en\/wp-json\/wp\/v2\/product_cat?post=13040"},{"taxonomy":"product_tag","embeddable":true,"href":"https:\/\/uus.kokariided.ee\/en\/wp-json\/wp\/v2\/product_tag?post=13040"}],"curies":[{"name":"wp","href":"https:\/\/api.w.org\/{rel}","templated":true}]}}