{"id":13045,"date":"2020-06-10T15:50:50","date_gmt":"2020-06-10T15:50:50","guid":{"rendered":"https:\/\/uus.kokariided.ee\/?product=bandana-black-1755945584"},"modified":"2024-05-16T15:54:05","modified_gmt":"2024-05-16T15:54:05","slug":"bandana-black-1755945584","status":"publish","type":"product","link":"https:\/\/uus.kokariided.ee\/en\/product\/bandana-black-1755945584\/","title":{"rendered":"Bandana, must"},"content":{"rendered":"","protected":false},"excerpt":{"rendered":"<p>Musta v\u00e4rvi pear\u00e4tik reguleeritava kinnitusega. \u00dcks suurus.<br \/>\n67% pol\u00fcester, 33% puuvill, 200gr\/m2<\/p>","protected":false},"featured_media":13046,"comment_status":"open","ping_status":"closed","template":"","meta":[],"product_cat":[111,104,780],"product_tag":[],"class_list":{"0":"post-13045","1":"product","2":"type-product","3":"status-publish","4":"has-post-thumbnail","6":"product_brand-chaud-devant","7":"product_cat-kokamuetsid-ja-peakatted","8":"product_cat-kokariided","9":"product_cat-pearaetik-bandana","11":"first","12":"instock","13":"shipping-taxable","14":"purchasable","15":"product-type-simple"},"_links":{"self":[{"href":"https:\/\/uus.kokariided.ee\/en\/wp-json\/wp\/v2\/product\/13045","targetHints":{"allow":["GET"]}}],"collection":[{"href":"https:\/\/uus.kokariided.ee\/en\/wp-json\/wp\/v2\/product"}],"about":[{"href":"https:\/\/uus.kokariided.ee\/en\/wp-json\/wp\/v2\/types\/product"}],"replies":[{"embeddable":true,"href":"https:\/\/uus.kokariided.ee\/en\/wp-json\/wp\/v2\/comments?post=13045"}],"wp:featuredmedia":[{"embeddable":true,"href":"https:\/\/uus.kokariided.ee\/en\/wp-json\/wp\/v2\/media\/13046"}],"wp:attachment":[{"href":"https:\/\/uus.kokariided.ee\/en\/wp-json\/wp\/v2\/media?parent=13045"}],"wp:term":[{"taxonomy":"product_cat","embeddable":true,"href":"https:\/\/uus.kokariided.ee\/en\/wp-json\/wp\/v2\/product_cat?post=13045"},{"taxonomy":"product_tag","embeddable":true,"href":"https:\/\/uus.kokariided.ee\/en\/wp-json\/wp\/v2\/product_tag?post=13045"}],"curies":[{"name":"wp","href":"https:\/\/api.w.org\/{rel}","templated":true}]}}