{"id":13072,"date":"2020-07-08T16:28:49","date_gmt":"2020-07-08T16:28:49","guid":{"rendered":"https:\/\/uus.kokariided.ee\/?product=tuunika-nizza-black"},"modified":"2024-10-07T13:59:20","modified_gmt":"2024-10-07T13:59:20","slug":"tuunika-nizza-black","status":"publish","type":"product","link":"https:\/\/uus.kokariided.ee\/en\/product\/tuunika-nizza-black\/","title":{"rendered":"Tuunika Nizza black"},"content":{"rendered":"","protected":false},"excerpt":{"rendered":"<p>Kerge ja v\u00e4ga n\u00e4gus naiste tuunika. K\u00fclgedel l\u00f5hikud, l\u00fchike varrukas.\u00a0Ideaalselt sobiv \u00f5dedele, tervishoiut\u00f6\u00f6tajatele ja kosmeetikutele.\u00a0<br \/>\n100% pol\u00fcester<br \/>\nTrukkidega\u00a0<\/p>","protected":false},"featured_media":13073,"comment_status":"open","ping_status":"closed","template":"","meta":[],"product_cat":[104,145,766,738],"product_tag":[],"class_list":{"0":"post-13072","1":"product","2":"type-product","3":"status-publish","4":"has-post-thumbnail","6":"product_brand-isacco","7":"product_cat-kokariided","8":"product_cat-teenindusriided","9":"product_cat-teenindusriided1756114957","10":"product_cat-tuunikad","12":"first","13":"instock","14":"shipping-taxable","15":"purchasable","16":"product-type-variable"},"_links":{"self":[{"href":"https:\/\/uus.kokariided.ee\/en\/wp-json\/wp\/v2\/product\/13072","targetHints":{"allow":["GET"]}}],"collection":[{"href":"https:\/\/uus.kokariided.ee\/en\/wp-json\/wp\/v2\/product"}],"about":[{"href":"https:\/\/uus.kokariided.ee\/en\/wp-json\/wp\/v2\/types\/product"}],"replies":[{"embeddable":true,"href":"https:\/\/uus.kokariided.ee\/en\/wp-json\/wp\/v2\/comments?post=13072"}],"wp:featuredmedia":[{"embeddable":true,"href":"https:\/\/uus.kokariided.ee\/en\/wp-json\/wp\/v2\/media\/13073"}],"wp:attachment":[{"href":"https:\/\/uus.kokariided.ee\/en\/wp-json\/wp\/v2\/media?parent=13072"}],"wp:term":[{"taxonomy":"product_cat","embeddable":true,"href":"https:\/\/uus.kokariided.ee\/en\/wp-json\/wp\/v2\/product_cat?post=13072"},{"taxonomy":"product_tag","embeddable":true,"href":"https:\/\/uus.kokariided.ee\/en\/wp-json\/wp\/v2\/product_tag?post=13072"}],"curies":[{"name":"wp","href":"https:\/\/api.w.org\/{rel}","templated":true}]}}