{"id":13091,"date":"2020-07-20T12:33:01","date_gmt":"2020-07-20T12:33:01","guid":{"rendered":"https:\/\/uus.kokariided.ee\/?product=kokamuets-nero"},"modified":"2025-08-13T15:22:28","modified_gmt":"2025-08-13T15:22:28","slug":"kokamuets-nero","status":"publish","type":"product","link":"https:\/\/uus.kokariided.ee\/en\/product\/kokamuets-nero\/","title":{"rendered":"Kokam\u00fcts Nero"},"content":{"rendered":"","protected":false},"excerpt":{"rendered":"<p>\u00dcks suurus, sobib k\u00f5igile, takjapaelaga reguleeritav. Enne esimest kasutamist pesta 30 kraadi juures.<br \/>\n67% pol\u00fcester, 33% puuvill, 200 gr\/m2<\/p>","protected":false},"featured_media":13092,"comment_status":"open","ping_status":"closed","template":"","meta":[],"product_cat":[781,111,104],"product_tag":[],"class_list":{"0":"post-13091","1":"product","2":"type-product","3":"status-publish","4":"has-post-thumbnail","6":"product_brand-chaud-devant","7":"product_cat-kokamuetsid","8":"product_cat-kokamuetsid-ja-peakatted","9":"product_cat-kokariided","11":"first","12":"instock","13":"shipping-taxable","14":"purchasable","15":"product-type-variable"},"_links":{"self":[{"href":"https:\/\/uus.kokariided.ee\/en\/wp-json\/wp\/v2\/product\/13091","targetHints":{"allow":["GET"]}}],"collection":[{"href":"https:\/\/uus.kokariided.ee\/en\/wp-json\/wp\/v2\/product"}],"about":[{"href":"https:\/\/uus.kokariided.ee\/en\/wp-json\/wp\/v2\/types\/product"}],"replies":[{"embeddable":true,"href":"https:\/\/uus.kokariided.ee\/en\/wp-json\/wp\/v2\/comments?post=13091"}],"wp:featuredmedia":[{"embeddable":true,"href":"https:\/\/uus.kokariided.ee\/en\/wp-json\/wp\/v2\/media\/13092"}],"wp:attachment":[{"href":"https:\/\/uus.kokariided.ee\/en\/wp-json\/wp\/v2\/media?parent=13091"}],"wp:term":[{"taxonomy":"product_cat","embeddable":true,"href":"https:\/\/uus.kokariided.ee\/en\/wp-json\/wp\/v2\/product_cat?post=13091"},{"taxonomy":"product_tag","embeddable":true,"href":"https:\/\/uus.kokariided.ee\/en\/wp-json\/wp\/v2\/product_tag?post=13091"}],"curies":[{"name":"wp","href":"https:\/\/api.w.org\/{rel}","templated":true}]}}