{"id":13108,"date":"2020-08-25T13:18:58","date_gmt":"2020-08-25T13:18:58","guid":{"rendered":"https:\/\/uus.kokariided.ee\/?product=klapiga-poll-106-valge-1755945632"},"modified":"2024-11-15T12:26:27","modified_gmt":"2024-11-15T12:26:27","slug":"klapiga-poll-106-valge-1755945632","status":"publish","type":"product","link":"https:\/\/uus.kokariided.ee\/en\/product\/klapiga-poll-106-valge-1755945632\/","title":{"rendered":"Klapiga p\u00f5ll 80x100cm valge"},"content":{"rendered":"","protected":false},"excerpt":{"rendered":"<p>P\u00f5ll 80x100cm, reguleeritavP\u00f5ll sobilik\u00a0 teenindajale\/kokale, 1 taskugaMaterjalid: 35 %puuvill, 65%pol\u00fcester<\/p>","protected":false},"featured_media":13109,"comment_status":"open","ping_status":"closed","template":"","meta":[],"product_cat":[775,104,146,112,782,145,766],"product_tag":[],"class_list":{"0":"post-13108","1":"product","2":"type-product","3":"status-publish","4":"has-post-thumbnail","6":"product_cat-klapiga-poll-80x100cm1756114973","7":"product_cat-kokariided","8":"product_cat-polled1755886053","9":"product_cat-polled","10":"product_cat-polled1756115199","11":"product_cat-teenindusriided","12":"product_cat-teenindusriided1756114957","14":"first","15":"instock","16":"shipping-taxable","17":"purchasable","18":"product-type-simple"},"_links":{"self":[{"href":"https:\/\/uus.kokariided.ee\/en\/wp-json\/wp\/v2\/product\/13108","targetHints":{"allow":["GET"]}}],"collection":[{"href":"https:\/\/uus.kokariided.ee\/en\/wp-json\/wp\/v2\/product"}],"about":[{"href":"https:\/\/uus.kokariided.ee\/en\/wp-json\/wp\/v2\/types\/product"}],"replies":[{"embeddable":true,"href":"https:\/\/uus.kokariided.ee\/en\/wp-json\/wp\/v2\/comments?post=13108"}],"wp:featuredmedia":[{"embeddable":true,"href":"https:\/\/uus.kokariided.ee\/en\/wp-json\/wp\/v2\/media\/13109"}],"wp:attachment":[{"href":"https:\/\/uus.kokariided.ee\/en\/wp-json\/wp\/v2\/media?parent=13108"}],"wp:term":[{"taxonomy":"product_cat","embeddable":true,"href":"https:\/\/uus.kokariided.ee\/en\/wp-json\/wp\/v2\/product_cat?post=13108"},{"taxonomy":"product_tag","embeddable":true,"href":"https:\/\/uus.kokariided.ee\/en\/wp-json\/wp\/v2\/product_tag?post=13108"}],"curies":[{"name":"wp","href":"https:\/\/api.w.org\/{rel}","templated":true}]}}