{"id":13136,"date":"2020-11-02T11:40:15","date_gmt":"2020-11-02T11:40:15","guid":{"rendered":"https:\/\/uus.kokariided.ee\/?product=dian-eva-plus"},"modified":"2025-03-05T15:53:19","modified_gmt":"2025-03-05T15:53:19","slug":"dian-eva-plus","status":"publish","type":"product","link":"https:\/\/uus.kokariided.ee\/en\/product\/dian-eva-plus\/","title":{"rendered":"Jalan\u00f5ud DIAN Eva Plus"},"content":{"rendered":"","protected":false},"excerpt":{"rendered":"<p>Anatoomilised\u00a0ja ultrakerged (180g paar) ning erakordselt libisemiskindla tallaga jalan\u00f5ud. Lateksivaba, antibakteriaalne, antistaatiline.\u00a0Jalan\u00f5ud on masinpestavad 40\u00b0C juures. Kannarihm on p\u00f6\u00f6ratav. Kaasas sisetallad, k\u00fclgedel \u00f5huavad.<br \/>\nSuurused 35-46<br \/>\nCE Certification EN-ISO-20347: 2022<br \/>\nANTIBACTERIAL ISO 16187<\/p>","protected":false},"featured_media":13137,"comment_status":"open","ping_status":"closed","template":"","meta":[],"product_cat":[767,107,104,766],"product_tag":[],"class_list":{"0":"post-13136","1":"product","2":"type-product","3":"status-publish","4":"has-post-thumbnail","6":"product_brand-dian","7":"product_cat-jalanoud1756114957","8":"product_cat-jalanoud","9":"product_cat-kokariided","10":"product_cat-teenindusriided1756114957","12":"first","13":"instock","14":"shipping-taxable","15":"purchasable","16":"product-type-variable"},"_links":{"self":[{"href":"https:\/\/uus.kokariided.ee\/en\/wp-json\/wp\/v2\/product\/13136","targetHints":{"allow":["GET"]}}],"collection":[{"href":"https:\/\/uus.kokariided.ee\/en\/wp-json\/wp\/v2\/product"}],"about":[{"href":"https:\/\/uus.kokariided.ee\/en\/wp-json\/wp\/v2\/types\/product"}],"replies":[{"embeddable":true,"href":"https:\/\/uus.kokariided.ee\/en\/wp-json\/wp\/v2\/comments?post=13136"}],"wp:featuredmedia":[{"embeddable":true,"href":"https:\/\/uus.kokariided.ee\/en\/wp-json\/wp\/v2\/media\/13137"}],"wp:attachment":[{"href":"https:\/\/uus.kokariided.ee\/en\/wp-json\/wp\/v2\/media?parent=13136"}],"wp:term":[{"taxonomy":"product_cat","embeddable":true,"href":"https:\/\/uus.kokariided.ee\/en\/wp-json\/wp\/v2\/product_cat?post=13136"},{"taxonomy":"product_tag","embeddable":true,"href":"https:\/\/uus.kokariided.ee\/en\/wp-json\/wp\/v2\/product_tag?post=13136"}],"curies":[{"name":"wp","href":"https:\/\/api.w.org\/{rel}","templated":true}]}}