{"id":13168,"date":"2020-12-08T11:15:58","date_gmt":"2020-12-08T11:15:58","guid":{"rendered":"https:\/\/uus.kokariided.ee\/?product=korduvkasutatav-naeomask-black"},"modified":"2024-05-16T15:54:05","modified_gmt":"2024-05-16T15:54:05","slug":"korduvkasutatav-naeomask-black","status":"publish","type":"product","link":"https:\/\/uus.kokariided.ee\/en\/product\/korduvkasutatav-naeomask-black\/","title":{"rendered":"Korduvkasutatav n\u00e4omask BLACK"},"content":{"rendered":"","protected":false},"excerpt":{"rendered":"<p>N\u00e4omaskid\u00a0on valmistatud kahekihilisest 100% puuvillast.\u00a0Need sobivad h\u00e4sti kandmiseks \u00fchistranspordis, toitlustust\u00f6\u00f6stuses ja koolis. Maskid on pestavad\u00a040 \u2103 juures ning p\u00e4rast pesemist j\u00e4\u00e4b v\u00e4rvip\u00fcsivus ja kandmismugavus samaks.<br \/>\nSuurus: L\/XL &#8211;\u00a019&#215;9,5cm<\/p>","protected":false},"featured_media":13169,"comment_status":"open","ping_status":"closed","template":"","meta":[],"product_cat":[161],"product_tag":[],"class_list":{"0":"post-13168","1":"product","2":"type-product","3":"status-publish","4":"has-post-thumbnail","6":"product_cat-korduvkasutatav-naeomask","8":"first","9":"instock","10":"shipping-taxable","11":"purchasable","12":"product-type-simple"},"_links":{"self":[{"href":"https:\/\/uus.kokariided.ee\/en\/wp-json\/wp\/v2\/product\/13168","targetHints":{"allow":["GET"]}}],"collection":[{"href":"https:\/\/uus.kokariided.ee\/en\/wp-json\/wp\/v2\/product"}],"about":[{"href":"https:\/\/uus.kokariided.ee\/en\/wp-json\/wp\/v2\/types\/product"}],"replies":[{"embeddable":true,"href":"https:\/\/uus.kokariided.ee\/en\/wp-json\/wp\/v2\/comments?post=13168"}],"wp:featuredmedia":[{"embeddable":true,"href":"https:\/\/uus.kokariided.ee\/en\/wp-json\/wp\/v2\/media\/13169"}],"wp:attachment":[{"href":"https:\/\/uus.kokariided.ee\/en\/wp-json\/wp\/v2\/media?parent=13168"}],"wp:term":[{"taxonomy":"product_cat","embeddable":true,"href":"https:\/\/uus.kokariided.ee\/en\/wp-json\/wp\/v2\/product_cat?post=13168"},{"taxonomy":"product_tag","embeddable":true,"href":"https:\/\/uus.kokariided.ee\/en\/wp-json\/wp\/v2\/product_tag?post=13168"}],"curies":[{"name":"wp","href":"https:\/\/api.w.org\/{rel}","templated":true}]}}