{"id":13178,"date":"2020-12-28T15:03:34","date_gmt":"2020-12-28T15:03:34","guid":{"rendered":"https:\/\/uus.kokariided.ee\/?product=koeoegiraetik-valgesinine-ruuduline"},"modified":"2025-03-06T17:18:09","modified_gmt":"2025-03-06T17:18:09","slug":"koeoegiraetik-valgesinine-ruuduline","status":"publish","type":"product","link":"https:\/\/uus.kokariided.ee\/en\/product\/koeoegiraetik-valgesinine-ruuduline\/","title":{"rendered":"K\u00f6\u00f6gir\u00e4tik valge\/sinine, ruuduline"},"content":{"rendered":"","protected":false},"excerpt":{"rendered":"<p>Materjal:\u00a0100% puuvillSuurus 50\u00d770 cm<br \/>\nMasinpesu 40 kraadiga<\/p>","protected":false},"featured_media":13179,"comment_status":"open","ping_status":"closed","template":"","meta":[],"product_cat":[108,104,777],"product_tag":[275,278,276],"class_list":{"0":"post-13178","1":"product","2":"type-product","3":"status-publish","4":"has-post-thumbnail","6":"product_brand-exner","7":"product_cat-kingiideed","8":"product_cat-kokariided","9":"product_cat-koeoegiraetikud","10":"product_tag-koogi","11":"product_tag-noude","12":"product_tag-ratik","14":"first","15":"instock","16":"shipping-taxable","17":"purchasable","18":"product-type-variable"},"_links":{"self":[{"href":"https:\/\/uus.kokariided.ee\/en\/wp-json\/wp\/v2\/product\/13178","targetHints":{"allow":["GET"]}}],"collection":[{"href":"https:\/\/uus.kokariided.ee\/en\/wp-json\/wp\/v2\/product"}],"about":[{"href":"https:\/\/uus.kokariided.ee\/en\/wp-json\/wp\/v2\/types\/product"}],"replies":[{"embeddable":true,"href":"https:\/\/uus.kokariided.ee\/en\/wp-json\/wp\/v2\/comments?post=13178"}],"wp:featuredmedia":[{"embeddable":true,"href":"https:\/\/uus.kokariided.ee\/en\/wp-json\/wp\/v2\/media\/13179"}],"wp:attachment":[{"href":"https:\/\/uus.kokariided.ee\/en\/wp-json\/wp\/v2\/media?parent=13178"}],"wp:term":[{"taxonomy":"product_cat","embeddable":true,"href":"https:\/\/uus.kokariided.ee\/en\/wp-json\/wp\/v2\/product_cat?post=13178"},{"taxonomy":"product_tag","embeddable":true,"href":"https:\/\/uus.kokariided.ee\/en\/wp-json\/wp\/v2\/product_tag?post=13178"}],"curies":[{"name":"wp","href":"https:\/\/api.w.org\/{rel}","templated":true}]}}