{"id":13184,"date":"2021-01-06T15:45:29","date_gmt":"2021-01-06T15:45:29","guid":{"rendered":"https:\/\/uus.kokariided.ee\/?product=noeoebid-hearts"},"modified":"2024-10-25T11:49:06","modified_gmt":"2024-10-25T11:49:06","slug":"noeoebid-hearts","status":"publish","type":"product","link":"https:\/\/uus.kokariided.ee\/en\/product\/noeoebid-hearts\/","title":{"rendered":"N\u00f6\u00f6bid Hearts"},"content":{"rendered":"","protected":false},"excerpt":{"rendered":"<p>N\u00f6\u00f6pe 12 tk. pakis<\/p>","protected":false},"featured_media":13185,"comment_status":"open","ping_status":"closed","template":"","meta":[],"product_cat":[109,104],"product_tag":[],"class_list":{"0":"post-13184","1":"product","2":"type-product","3":"status-publish","4":"has-post-thumbnail","6":"product_brand-egochef","7":"product_cat-kokajaki-noeoebid","8":"product_cat-kokariided","10":"first","11":"instock","12":"shipping-taxable","13":"purchasable","14":"product-type-simple"},"_links":{"self":[{"href":"https:\/\/uus.kokariided.ee\/en\/wp-json\/wp\/v2\/product\/13184","targetHints":{"allow":["GET"]}}],"collection":[{"href":"https:\/\/uus.kokariided.ee\/en\/wp-json\/wp\/v2\/product"}],"about":[{"href":"https:\/\/uus.kokariided.ee\/en\/wp-json\/wp\/v2\/types\/product"}],"replies":[{"embeddable":true,"href":"https:\/\/uus.kokariided.ee\/en\/wp-json\/wp\/v2\/comments?post=13184"}],"wp:featuredmedia":[{"embeddable":true,"href":"https:\/\/uus.kokariided.ee\/en\/wp-json\/wp\/v2\/media\/13185"}],"wp:attachment":[{"href":"https:\/\/uus.kokariided.ee\/en\/wp-json\/wp\/v2\/media?parent=13184"}],"wp:term":[{"taxonomy":"product_cat","embeddable":true,"href":"https:\/\/uus.kokariided.ee\/en\/wp-json\/wp\/v2\/product_cat?post=13184"},{"taxonomy":"product_tag","embeddable":true,"href":"https:\/\/uus.kokariided.ee\/en\/wp-json\/wp\/v2\/product_tag?post=13184"}],"curies":[{"name":"wp","href":"https:\/\/api.w.org\/{rel}","templated":true}]}}