{"id":13188,"date":"2021-01-06T16:38:39","date_gmt":"2021-01-06T16:38:39","guid":{"rendered":"https:\/\/uus.kokariided.ee\/?product=voeoepoll-michigan-70x50cm-black-jeans"},"modified":"2025-01-07T15:29:50","modified_gmt":"2025-01-07T15:29:50","slug":"voeoepoll-michigan-70x50cm-black-jeans","status":"publish","type":"product","link":"https:\/\/uus.kokariided.ee\/en\/product\/voeoepoll-michigan-70x50cm-black-jeans\/","title":{"rendered":"V\u00f6\u00f6p\u00f5ll Michigan 70x50cm, Black Jeans"},"content":{"rendered":"","protected":false},"excerpt":{"rendered":"<p>Trendikas v\u00f6\u00f6p\u00f5ll, mille keskosal on kaks taskut. P\u00f5llel on nahast detailid ning v\u00f6\u00f6l metallaas.<br \/>\nIdeaalne hotellisektorile, restoranidele ja kokkadele.<br \/>\n100%\u00a0puuvill,\u00a0220 gr\/m\u00b2<\/p>","protected":false},"featured_media":13189,"comment_status":"open","ping_status":"closed","template":"","meta":[],"product_cat":[104,112,146,145],"product_tag":[],"class_list":{"0":"post-13188","1":"product","2":"type-product","3":"status-publish","4":"has-post-thumbnail","6":"product_brand-isacco","7":"product_cat-kokariided","8":"product_cat-polled","9":"product_cat-polled1755886053","10":"product_cat-teenindusriided","12":"first","13":"instock","14":"shipping-taxable","15":"purchasable","16":"product-type-simple"},"_links":{"self":[{"href":"https:\/\/uus.kokariided.ee\/en\/wp-json\/wp\/v2\/product\/13188","targetHints":{"allow":["GET"]}}],"collection":[{"href":"https:\/\/uus.kokariided.ee\/en\/wp-json\/wp\/v2\/product"}],"about":[{"href":"https:\/\/uus.kokariided.ee\/en\/wp-json\/wp\/v2\/types\/product"}],"replies":[{"embeddable":true,"href":"https:\/\/uus.kokariided.ee\/en\/wp-json\/wp\/v2\/comments?post=13188"}],"wp:featuredmedia":[{"embeddable":true,"href":"https:\/\/uus.kokariided.ee\/en\/wp-json\/wp\/v2\/media\/13189"}],"wp:attachment":[{"href":"https:\/\/uus.kokariided.ee\/en\/wp-json\/wp\/v2\/media?parent=13188"}],"wp:term":[{"taxonomy":"product_cat","embeddable":true,"href":"https:\/\/uus.kokariided.ee\/en\/wp-json\/wp\/v2\/product_cat?post=13188"},{"taxonomy":"product_tag","embeddable":true,"href":"https:\/\/uus.kokariided.ee\/en\/wp-json\/wp\/v2\/product_tag?post=13188"}],"curies":[{"name":"wp","href":"https:\/\/api.w.org\/{rel}","templated":true}]}}