{"id":13216,"date":"2021-01-07T12:01:56","date_gmt":"2021-01-07T12:01:56","guid":{"rendered":"https:\/\/uus.kokariided.ee\/?product=korduvkasutatav-naeomask-jobeline"},"modified":"2024-05-16T15:54:05","modified_gmt":"2024-05-16T15:54:05","slug":"korduvkasutatav-naeomask-jobeline","status":"publish","type":"product","link":"https:\/\/uus.kokariided.ee\/en\/product\/korduvkasutatav-naeomask-jobeline\/","title":{"rendered":"Korduvkasutatav n\u00e4omask Jobeline"},"content":{"rendered":"<ul>\n<li>\n<p><span>2-kihiline suu ja nina mask koos integreeritud taskuga sisevoodris valikulise filtrisisendi jaoks\u00a0<\/span><\/p>\n<\/li>\n<li>\n<p><span>Saab kanda koos filtriga v\u00f5i ilma \u00a0\u00a0<\/span><\/p>\n<\/li>\n<li>\n<p><span>\u00dcks suurus sobib k\u00f5igile, sealhulgas reguleeritavad elastsed ribad k\u00fcljel ja juhtmeklamber nina kohal\u00a0<\/span><\/p>\n<\/li>\n<li>\n<p><span>V\u00e4hendab tilkade levikut k\u00f6himisel, aevastamisel ja r\u00e4\u00e4kimisel\u00a0<\/span><\/p>\n<\/li>\n<li>\n<p><span>Materjal: v\u00e4liskangas 65% pol\u00fcestrit \/ 35% puuvilla, sisevooder 100% puuvilla\u00a0<\/span><\/p>\n<\/li>\n<li>\n<p><span><span>Hooldus: peske maski iga p\u00e4ev, t\u00f5husa h\u00fcgieeni tagamiseks on soovitatav 60 kraadi.\u00a0<\/span><span>P\u00f5him\u00f5tteliselt on v\u00f5imalik kuni 90 kraadi.\u00a0<\/span><\/span><\/p>\n<\/li>\n<\/ul>","protected":false},"excerpt":{"rendered":"<p>Testex on selle maski kontrollinud ja vastab \u0160veitsi riikliku teaduse t\u00f6\u00f6r\u00fchma COVID-19 n\u00f5uetele.\u00a0<br \/>\nTestitud ja l\u00e4bitud t\u00e4ielikult j\u00e4rgmistes punktides:\u00a0<\/p>\n<p>\u00d5hu l\u00e4bilaskvuse m\u00e4\u00e4ramine vastavalt standardile EN ISO 9237\u00a0<\/p>\n<p>Vedeliku l\u00e4bitungimise test p\u00f5hineb standardil EN 14683\u00a0\u00a0\u00a0<\/p>\n<p>Maski filtreerimine vastavalt EN 149-le\u00a0<\/p>","protected":false},"featured_media":13217,"comment_status":"open","ping_status":"closed","template":"","meta":[],"product_cat":[161],"product_tag":[],"class_list":{"0":"post-13216","1":"product","2":"type-product","3":"status-publish","4":"has-post-thumbnail","6":"product_cat-korduvkasutatav-naeomask","8":"first","9":"instock","10":"shipping-taxable","11":"purchasable","12":"product-type-variable"},"_links":{"self":[{"href":"https:\/\/uus.kokariided.ee\/en\/wp-json\/wp\/v2\/product\/13216","targetHints":{"allow":["GET"]}}],"collection":[{"href":"https:\/\/uus.kokariided.ee\/en\/wp-json\/wp\/v2\/product"}],"about":[{"href":"https:\/\/uus.kokariided.ee\/en\/wp-json\/wp\/v2\/types\/product"}],"replies":[{"embeddable":true,"href":"https:\/\/uus.kokariided.ee\/en\/wp-json\/wp\/v2\/comments?post=13216"}],"wp:featuredmedia":[{"embeddable":true,"href":"https:\/\/uus.kokariided.ee\/en\/wp-json\/wp\/v2\/media\/13217"}],"wp:attachment":[{"href":"https:\/\/uus.kokariided.ee\/en\/wp-json\/wp\/v2\/media?parent=13216"}],"wp:term":[{"taxonomy":"product_cat","embeddable":true,"href":"https:\/\/uus.kokariided.ee\/en\/wp-json\/wp\/v2\/product_cat?post=13216"},{"taxonomy":"product_tag","embeddable":true,"href":"https:\/\/uus.kokariided.ee\/en\/wp-json\/wp\/v2\/product_tag?post=13216"}],"curies":[{"name":"wp","href":"https:\/\/api.w.org\/{rel}","templated":true}]}}