{"id":13294,"date":"2021-02-04T13:40:53","date_gmt":"2021-02-04T13:40:53","guid":{"rendered":"https:\/\/uus.kokariided.ee\/?product=muets-vorguga"},"modified":"2025-08-15T11:49:25","modified_gmt":"2025-08-15T11:49:25","slug":"muets-vorguga","status":"publish","type":"product","link":"https:\/\/uus.kokariided.ee\/en\/product\/muets-vorguga\/","title":{"rendered":"M\u00fcts v\u00f5rguga, valge"},"content":{"rendered":"","protected":false},"excerpt":{"rendered":"<p>Valge v\u00f5rguga m\u00fcts. Suurep\u00e4rane hotelli- ja restoranit\u00f6\u00f6stusele. T\u00f6\u00f6vorm toidupoodidele, k\u00f6\u00f6kidele ja j\u00e4\u00e4tisepoodidele.\u00a0Mugavust lisab kummipael.<\/p>\n<p>Pol\u00fcester 65%, puuvill 35%, 115 Gr\/m\u00b2<\/p>","protected":false},"featured_media":13295,"comment_status":"open","ping_status":"closed","template":"","meta":[],"product_cat":[111,104],"product_tag":[],"class_list":{"0":"post-13294","1":"product","2":"type-product","3":"status-publish","4":"has-post-thumbnail","6":"product_brand-isacco","7":"product_cat-kokamuetsid-ja-peakatted","8":"product_cat-kokariided","10":"first","11":"instock","12":"shipping-taxable","13":"purchasable","14":"product-type-variable"},"_links":{"self":[{"href":"https:\/\/uus.kokariided.ee\/en\/wp-json\/wp\/v2\/product\/13294","targetHints":{"allow":["GET"]}}],"collection":[{"href":"https:\/\/uus.kokariided.ee\/en\/wp-json\/wp\/v2\/product"}],"about":[{"href":"https:\/\/uus.kokariided.ee\/en\/wp-json\/wp\/v2\/types\/product"}],"replies":[{"embeddable":true,"href":"https:\/\/uus.kokariided.ee\/en\/wp-json\/wp\/v2\/comments?post=13294"}],"wp:featuredmedia":[{"embeddable":true,"href":"https:\/\/uus.kokariided.ee\/en\/wp-json\/wp\/v2\/media\/13295"}],"wp:attachment":[{"href":"https:\/\/uus.kokariided.ee\/en\/wp-json\/wp\/v2\/media?parent=13294"}],"wp:term":[{"taxonomy":"product_cat","embeddable":true,"href":"https:\/\/uus.kokariided.ee\/en\/wp-json\/wp\/v2\/product_cat?post=13294"},{"taxonomy":"product_tag","embeddable":true,"href":"https:\/\/uus.kokariided.ee\/en\/wp-json\/wp\/v2\/product_tag?post=13294"}],"curies":[{"name":"wp","href":"https:\/\/api.w.org\/{rel}","templated":true}]}}