{"id":13298,"date":"2021-02-04T13:51:21","date_gmt":"2021-02-04T13:51:21","guid":{"rendered":"https:\/\/uus.kokariided.ee\/?product=poll-70x90cm-pettorina"},"modified":"2025-01-07T15:40:33","modified_gmt":"2025-01-07T15:40:33","slug":"poll-70x90cm-pettorina","status":"publish","type":"product","link":"https:\/\/uus.kokariided.ee\/en\/product\/poll-70x90cm-pettorina\/","title":{"rendered":"P\u00f5ll VIENNA 70X90cm"},"content":{"rendered":"","protected":false},"excerpt":{"rendered":"<p>Triibuline klapiga p\u00f5ll m\u00f5\u00f5tudega 70X90cm, mille kaelapaela ei saa reguleerida. Ees kaks taskut.<br \/>\nMaterjal:<br \/>\n65% pol\u00fcester<br \/>\n35% puuvill<\/p>","protected":false},"featured_media":13299,"comment_status":"open","ping_status":"closed","template":"","meta":[],"product_cat":[104,112,146,145],"product_tag":[],"class_list":{"0":"post-13298","1":"product","2":"type-product","3":"status-publish","4":"has-post-thumbnail","6":"product_brand-isacco","7":"product_cat-kokariided","8":"product_cat-polled","9":"product_cat-polled1755886053","10":"product_cat-teenindusriided","12":"first","13":"instock","14":"shipping-taxable","15":"purchasable","16":"product-type-variable"},"_links":{"self":[{"href":"https:\/\/uus.kokariided.ee\/en\/wp-json\/wp\/v2\/product\/13298","targetHints":{"allow":["GET"]}}],"collection":[{"href":"https:\/\/uus.kokariided.ee\/en\/wp-json\/wp\/v2\/product"}],"about":[{"href":"https:\/\/uus.kokariided.ee\/en\/wp-json\/wp\/v2\/types\/product"}],"replies":[{"embeddable":true,"href":"https:\/\/uus.kokariided.ee\/en\/wp-json\/wp\/v2\/comments?post=13298"}],"wp:featuredmedia":[{"embeddable":true,"href":"https:\/\/uus.kokariided.ee\/en\/wp-json\/wp\/v2\/media\/13299"}],"wp:attachment":[{"href":"https:\/\/uus.kokariided.ee\/en\/wp-json\/wp\/v2\/media?parent=13298"}],"wp:term":[{"taxonomy":"product_cat","embeddable":true,"href":"https:\/\/uus.kokariided.ee\/en\/wp-json\/wp\/v2\/product_cat?post=13298"},{"taxonomy":"product_tag","embeddable":true,"href":"https:\/\/uus.kokariided.ee\/en\/wp-json\/wp\/v2\/product_tag?post=13298"}],"curies":[{"name":"wp","href":"https:\/\/api.w.org\/{rel}","templated":true}]}}