{"id":13325,"date":"2021-02-04T14:29:24","date_gmt":"2021-02-04T14:29:24","guid":{"rendered":"https:\/\/uus.kokariided.ee\/?product=stretch-pueksid"},"modified":"2025-08-11T14:39:45","modified_gmt":"2025-08-11T14:39:45","slug":"stretch-pueksid","status":"publish","type":"product","link":"https:\/\/uus.kokariided.ee\/en\/product\/stretch-pueksid\/","title":{"rendered":"Kokap\u00fcksid SUPER STRETCH"},"content":{"rendered":"","protected":false},"excerpt":{"rendered":"<p>Unisex kummiv\u00f6\u00f6 ja paelaga p\u00fcksid. Super veniv kangas. K\u00fclgedel\u00a0taskud.<br \/>\nKasutatakse nii meditsiini-, ilu- ja toitlustussektoris ning arstide, \u00f5dede, teenindus- ja puhastusettev\u00f5tete, kokkade ja k\u00f6\u00f6giettev\u00f5tjate vormiriietusena.<\/p>\n<p>97% puuvill, 3% spandex,\u00a0210 gr\/m\u00b2<\/p>","protected":false},"featured_media":13326,"comment_status":"open","ping_status":"closed","template":"","meta":[],"product_cat":[104,787,788,113],"product_tag":[],"class_list":{"0":"post-13325","1":"product","2":"type-product","3":"status-publish","4":"has-post-thumbnail","6":"product_brand-isacco","7":"product_cat-kokariided","8":"product_cat-meeste-kokapueksid","9":"product_cat-naiste-kokapueksid","10":"product_cat-pueksid","12":"first","13":"instock","14":"shipping-taxable","15":"purchasable","16":"product-type-variable"},"_links":{"self":[{"href":"https:\/\/uus.kokariided.ee\/en\/wp-json\/wp\/v2\/product\/13325","targetHints":{"allow":["GET"]}}],"collection":[{"href":"https:\/\/uus.kokariided.ee\/en\/wp-json\/wp\/v2\/product"}],"about":[{"href":"https:\/\/uus.kokariided.ee\/en\/wp-json\/wp\/v2\/types\/product"}],"replies":[{"embeddable":true,"href":"https:\/\/uus.kokariided.ee\/en\/wp-json\/wp\/v2\/comments?post=13325"}],"wp:featuredmedia":[{"embeddable":true,"href":"https:\/\/uus.kokariided.ee\/en\/wp-json\/wp\/v2\/media\/13326"}],"wp:attachment":[{"href":"https:\/\/uus.kokariided.ee\/en\/wp-json\/wp\/v2\/media?parent=13325"}],"wp:term":[{"taxonomy":"product_cat","embeddable":true,"href":"https:\/\/uus.kokariided.ee\/en\/wp-json\/wp\/v2\/product_cat?post=13325"},{"taxonomy":"product_tag","embeddable":true,"href":"https:\/\/uus.kokariided.ee\/en\/wp-json\/wp\/v2\/product_tag?post=13325"}],"curies":[{"name":"wp","href":"https:\/\/api.w.org\/{rel}","templated":true}]}}