{"id":13332,"date":"2021-02-04T16:05:39","date_gmt":"2021-02-04T16:05:39","guid":{"rendered":"https:\/\/uus.kokariided.ee\/?product=naiste-tuunika-luxsatin"},"modified":"2024-05-16T15:54:05","modified_gmt":"2024-05-16T15:54:05","slug":"naiste-tuunika-luxsatin","status":"publish","type":"product","link":"https:\/\/uus.kokariided.ee\/en\/product\/naiste-tuunika-luxsatin\/","title":{"rendered":"Naiste tuunika LUXSATIN"},"content":{"rendered":"","protected":false},"excerpt":{"rendered":"<p>50% puuvill, 50% pol\u00fcester<br \/>\n180 gr \/ m\u00b2<br \/>\nSlim Fit<br \/>\n2 taskut<br \/>\nRinnatasku<br \/>\nVarjatud kl\u00f5psudega n\u00f6\u00f6pimine<\/p>","protected":false},"featured_media":13333,"comment_status":"open","ping_status":"closed","template":"","meta":[],"product_cat":[145,738],"product_tag":[],"class_list":{"0":"post-13332","1":"product","2":"type-product","3":"status-publish","4":"has-post-thumbnail","6":"product_brand-giblors","7":"product_cat-teenindusriided","8":"product_cat-tuunikad","10":"first","11":"instock","12":"shipping-taxable","13":"purchasable","14":"product-type-variable"},"_links":{"self":[{"href":"https:\/\/uus.kokariided.ee\/en\/wp-json\/wp\/v2\/product\/13332","targetHints":{"allow":["GET"]}}],"collection":[{"href":"https:\/\/uus.kokariided.ee\/en\/wp-json\/wp\/v2\/product"}],"about":[{"href":"https:\/\/uus.kokariided.ee\/en\/wp-json\/wp\/v2\/types\/product"}],"replies":[{"embeddable":true,"href":"https:\/\/uus.kokariided.ee\/en\/wp-json\/wp\/v2\/comments?post=13332"}],"wp:featuredmedia":[{"embeddable":true,"href":"https:\/\/uus.kokariided.ee\/en\/wp-json\/wp\/v2\/media\/13333"}],"wp:attachment":[{"href":"https:\/\/uus.kokariided.ee\/en\/wp-json\/wp\/v2\/media?parent=13332"}],"wp:term":[{"taxonomy":"product_cat","embeddable":true,"href":"https:\/\/uus.kokariided.ee\/en\/wp-json\/wp\/v2\/product_cat?post=13332"},{"taxonomy":"product_tag","embeddable":true,"href":"https:\/\/uus.kokariided.ee\/en\/wp-json\/wp\/v2\/product_tag?post=13332"}],"curies":[{"name":"wp","href":"https:\/\/api.w.org\/{rel}","templated":true}]}}