{"id":13344,"date":"2021-02-08T12:36:57","date_gmt":"2021-02-08T12:36:57","guid":{"rendered":"https:\/\/uus.kokariided.ee\/?product=klapiga-poll-80x100cm-grafiit"},"modified":"2024-08-12T13:26:22","modified_gmt":"2024-08-12T13:26:22","slug":"klapiga-poll-80x100cm-grafiit","status":"publish","type":"product","link":"https:\/\/uus.kokariided.ee\/en\/product\/klapiga-poll-80x100cm-grafiit\/","title":{"rendered":"Klapiga p\u00f5ll 80x100cm, grafiit"},"content":{"rendered":"","protected":false},"excerpt":{"rendered":"<p>P\u00f5ll 80x100cm, reguleeritavP\u00f5ll sobilik teenindajale\/kokale, 1 taskugaMaterjalid:65%pol\u00fcester \/ 35 %puuvill<\/p>","protected":false},"featured_media":13345,"comment_status":"open","ping_status":"closed","template":"","meta":[],"product_cat":[740,775,104,112,146,145],"product_tag":[],"class_list":{"0":"post-13344","1":"product","2":"type-product","3":"status-publish","4":"has-post-thumbnail","6":"product_brand-exner","7":"product_cat-klapiga-poll-80x100cm","8":"product_cat-klapiga-poll-80x100cm1756114973","9":"product_cat-kokariided","10":"product_cat-polled","11":"product_cat-polled1755886053","12":"product_cat-teenindusriided","14":"first","15":"instock","16":"shipping-taxable","17":"purchasable","18":"product-type-variable"},"_links":{"self":[{"href":"https:\/\/uus.kokariided.ee\/en\/wp-json\/wp\/v2\/product\/13344","targetHints":{"allow":["GET"]}}],"collection":[{"href":"https:\/\/uus.kokariided.ee\/en\/wp-json\/wp\/v2\/product"}],"about":[{"href":"https:\/\/uus.kokariided.ee\/en\/wp-json\/wp\/v2\/types\/product"}],"replies":[{"embeddable":true,"href":"https:\/\/uus.kokariided.ee\/en\/wp-json\/wp\/v2\/comments?post=13344"}],"wp:featuredmedia":[{"embeddable":true,"href":"https:\/\/uus.kokariided.ee\/en\/wp-json\/wp\/v2\/media\/13345"}],"wp:attachment":[{"href":"https:\/\/uus.kokariided.ee\/en\/wp-json\/wp\/v2\/media?parent=13344"}],"wp:term":[{"taxonomy":"product_cat","embeddable":true,"href":"https:\/\/uus.kokariided.ee\/en\/wp-json\/wp\/v2\/product_cat?post=13344"},{"taxonomy":"product_tag","embeddable":true,"href":"https:\/\/uus.kokariided.ee\/en\/wp-json\/wp\/v2\/product_tag?post=13344"}],"curies":[{"name":"wp","href":"https:\/\/api.w.org\/{rel}","templated":true}]}}