{"id":13467,"date":"2021-03-24T13:13:18","date_gmt":"2021-03-24T13:13:18","guid":{"rendered":"https:\/\/uus.kokariided.ee\/?product=poll-kansas-jeans"},"modified":"2025-08-11T14:40:31","modified_gmt":"2025-08-11T14:40:31","slug":"poll-kansas-jeans","status":"publish","type":"product","link":"https:\/\/uus.kokariided.ee\/en\/product\/poll-kansas-jeans\/","title":{"rendered":"P\u00f5ll Kansas Jeans 70x90cm"},"content":{"rendered":"","protected":false},"excerpt":{"rendered":"<p>P\u00f5ll Kansas Jeans on sobilik teenindavasse sektorisse. V\u00f6\u00f6k\u00f5rgusel asetsevad kaks taskut teevad selle p\u00f5lle eriti praktiliseks. P\u00f5llel on kunstnahast detailid ning kaelapael on pandlaga reguleeritav.<br \/>\n100% puuvill,\u00a0220 gr\/ m\u00b2<br \/>\n70x90cm<br \/>\nNB! E-poest tellides toode 10% soodsam!<\/p>","protected":false},"featured_media":13468,"comment_status":"open","ping_status":"closed","template":"","meta":[],"product_cat":[104,112,782,766],"product_tag":[],"class_list":{"0":"post-13467","1":"product","2":"type-product","3":"status-publish","4":"has-post-thumbnail","6":"product_brand-isacco","7":"product_cat-kokariided","8":"product_cat-polled","9":"product_cat-polled1756115199","10":"product_cat-teenindusriided1756114957","12":"first","13":"instock","14":"sale","15":"shipping-taxable","16":"purchasable","17":"product-type-variable"},"_links":{"self":[{"href":"https:\/\/uus.kokariided.ee\/en\/wp-json\/wp\/v2\/product\/13467","targetHints":{"allow":["GET"]}}],"collection":[{"href":"https:\/\/uus.kokariided.ee\/en\/wp-json\/wp\/v2\/product"}],"about":[{"href":"https:\/\/uus.kokariided.ee\/en\/wp-json\/wp\/v2\/types\/product"}],"replies":[{"embeddable":true,"href":"https:\/\/uus.kokariided.ee\/en\/wp-json\/wp\/v2\/comments?post=13467"}],"wp:featuredmedia":[{"embeddable":true,"href":"https:\/\/uus.kokariided.ee\/en\/wp-json\/wp\/v2\/media\/13468"}],"wp:attachment":[{"href":"https:\/\/uus.kokariided.ee\/en\/wp-json\/wp\/v2\/media?parent=13467"}],"wp:term":[{"taxonomy":"product_cat","embeddable":true,"href":"https:\/\/uus.kokariided.ee\/en\/wp-json\/wp\/v2\/product_cat?post=13467"},{"taxonomy":"product_tag","embeddable":true,"href":"https:\/\/uus.kokariided.ee\/en\/wp-json\/wp\/v2\/product_tag?post=13467"}],"curies":[{"name":"wp","href":"https:\/\/api.w.org\/{rel}","templated":true}]}}