{"id":13479,"date":"2021-03-24T14:04:06","date_gmt":"2021-03-24T14:04:06","guid":{"rendered":"https:\/\/uus.kokariided.ee\/?product=poll-oregon"},"modified":"2025-01-16T15:49:02","modified_gmt":"2025-01-16T15:49:02","slug":"poll-oregon","status":"publish","type":"product","link":"https:\/\/uus.kokariided.ee\/en\/product\/poll-oregon\/","title":{"rendered":"P\u00f5ll Oregon Black 70x72cm"},"content":{"rendered":"","protected":false},"excerpt":{"rendered":"<p>Klapiga p\u00f5ll m\u00f5\u00f5tudega 70X72cm, mille kaelapael on kolme trukiga reguleeritav.\u00a0Rinnal ning k\u00fclgedel taskud.<br \/>\nM\u00f5\u00f5dud: 70x72cm (laius x pikkus)<br \/>\nMaterjal: 100% pol\u00fcester<\/p>","protected":false},"featured_media":13480,"comment_status":"open","ping_status":"closed","template":"","meta":[],"product_cat":[104,146,782,112,145,766],"product_tag":[],"class_list":{"0":"post-13479","1":"product","2":"type-product","3":"status-publish","4":"has-post-thumbnail","6":"product_brand-isacco","7":"product_cat-kokariided","8":"product_cat-polled1755886053","9":"product_cat-polled1756115199","10":"product_cat-polled","11":"product_cat-teenindusriided","12":"product_cat-teenindusriided1756114957","14":"first","15":"instock","16":"shipping-taxable","17":"purchasable","18":"product-type-variable"},"_links":{"self":[{"href":"https:\/\/uus.kokariided.ee\/en\/wp-json\/wp\/v2\/product\/13479","targetHints":{"allow":["GET"]}}],"collection":[{"href":"https:\/\/uus.kokariided.ee\/en\/wp-json\/wp\/v2\/product"}],"about":[{"href":"https:\/\/uus.kokariided.ee\/en\/wp-json\/wp\/v2\/types\/product"}],"replies":[{"embeddable":true,"href":"https:\/\/uus.kokariided.ee\/en\/wp-json\/wp\/v2\/comments?post=13479"}],"wp:featuredmedia":[{"embeddable":true,"href":"https:\/\/uus.kokariided.ee\/en\/wp-json\/wp\/v2\/media\/13480"}],"wp:attachment":[{"href":"https:\/\/uus.kokariided.ee\/en\/wp-json\/wp\/v2\/media?parent=13479"}],"wp:term":[{"taxonomy":"product_cat","embeddable":true,"href":"https:\/\/uus.kokariided.ee\/en\/wp-json\/wp\/v2\/product_cat?post=13479"},{"taxonomy":"product_tag","embeddable":true,"href":"https:\/\/uus.kokariided.ee\/en\/wp-json\/wp\/v2\/product_tag?post=13479"}],"curies":[{"name":"wp","href":"https:\/\/api.w.org\/{rel}","templated":true}]}}