{"id":13488,"date":"2021-03-24T14:30:42","date_gmt":"2021-03-24T14:30:42","guid":{"rendered":"https:\/\/uus.kokariided.ee\/?product=unisex-kokajakk-rosso-nero"},"modified":"2024-05-29T12:34:52","modified_gmt":"2024-05-29T12:34:52","slug":"unisex-kokajakk-rosso-nero","status":"publish","type":"product","link":"https:\/\/uus.kokariided.ee\/en\/product\/unisex-kokajakk-rosso-nero\/","title":{"rendered":"Unisex kokajakk Rosso Nero"},"content":{"rendered":"","protected":false},"excerpt":{"rendered":"<p>Unisex pikkade varrukatega kokajakk, millel on punane krae ja tasku \u00e4\u00e4ris punane, kinnituseks punased n\u00f6\u00f6bid<br \/>\n65% pol\u00fcester, 35% puuvill<br \/>\nSaadaval suurustes S-XXL<\/p>","protected":false},"featured_media":13489,"comment_status":"open","ping_status":"closed","template":"","meta":[],"product_cat":[110,789],"product_tag":[],"class_list":{"0":"post-13488","1":"product","2":"type-product","3":"status-publish","4":"has-post-thumbnail","6":"product_brand-isacco","7":"product_cat-kokajakid","8":"product_cat-meeste-unisex-kokajakid","10":"first","11":"instock","12":"shipping-taxable","13":"purchasable","14":"product-type-variable"},"_links":{"self":[{"href":"https:\/\/uus.kokariided.ee\/en\/wp-json\/wp\/v2\/product\/13488","targetHints":{"allow":["GET"]}}],"collection":[{"href":"https:\/\/uus.kokariided.ee\/en\/wp-json\/wp\/v2\/product"}],"about":[{"href":"https:\/\/uus.kokariided.ee\/en\/wp-json\/wp\/v2\/types\/product"}],"replies":[{"embeddable":true,"href":"https:\/\/uus.kokariided.ee\/en\/wp-json\/wp\/v2\/comments?post=13488"}],"wp:featuredmedia":[{"embeddable":true,"href":"https:\/\/uus.kokariided.ee\/en\/wp-json\/wp\/v2\/media\/13489"}],"wp:attachment":[{"href":"https:\/\/uus.kokariided.ee\/en\/wp-json\/wp\/v2\/media?parent=13488"}],"wp:term":[{"taxonomy":"product_cat","embeddable":true,"href":"https:\/\/uus.kokariided.ee\/en\/wp-json\/wp\/v2\/product_cat?post=13488"},{"taxonomy":"product_tag","embeddable":true,"href":"https:\/\/uus.kokariided.ee\/en\/wp-json\/wp\/v2\/product_tag?post=13488"}],"curies":[{"name":"wp","href":"https:\/\/api.w.org\/{rel}","templated":true}]}}