{"id":13503,"date":"2021-03-26T10:22:34","date_gmt":"2021-03-26T10:22:34","guid":{"rendered":"https:\/\/uus.kokariided.ee\/?product=poll-grey-mix-rock"},"modified":"2024-05-29T12:34:52","modified_gmt":"2024-05-29T12:34:52","slug":"poll-grey-mix-rock","status":"publish","type":"product","link":"https:\/\/uus.kokariided.ee\/en\/product\/poll-grey-mix-rock\/","title":{"rendered":"P\u00f5ll 70x90cm Rock Grey mix"},"content":{"rendered":"","protected":false},"excerpt":{"rendered":"<p>P\u00f5ll 70x90cmP\u00f5ll sobilik teenindajale\/kokale,\u00a02 taskuga.\u00a0Kaelapael on reguleeritav m\u00f5lemast otsast, samuti ka eemaldatav.65% pol\u00fcester &#8211; 35% puuvill\u00a0<\/p>","protected":false},"featured_media":13504,"comment_status":"open","ping_status":"closed","template":"","meta":[],"product_cat":[774,104,112,146,145],"product_tag":[],"class_list":{"0":"post-13503","1":"product","2":"type-product","3":"status-publish","4":"has-post-thumbnail","6":"product_brand-egochef","7":"product_cat-klapiga-poll-70x90cm","8":"product_cat-kokariided","9":"product_cat-polled","10":"product_cat-polled1755886053","11":"product_cat-teenindusriided","13":"first","14":"instock","15":"shipping-taxable","16":"purchasable","17":"product-type-variable"},"_links":{"self":[{"href":"https:\/\/uus.kokariided.ee\/en\/wp-json\/wp\/v2\/product\/13503","targetHints":{"allow":["GET"]}}],"collection":[{"href":"https:\/\/uus.kokariided.ee\/en\/wp-json\/wp\/v2\/product"}],"about":[{"href":"https:\/\/uus.kokariided.ee\/en\/wp-json\/wp\/v2\/types\/product"}],"replies":[{"embeddable":true,"href":"https:\/\/uus.kokariided.ee\/en\/wp-json\/wp\/v2\/comments?post=13503"}],"wp:featuredmedia":[{"embeddable":true,"href":"https:\/\/uus.kokariided.ee\/en\/wp-json\/wp\/v2\/media\/13504"}],"wp:attachment":[{"href":"https:\/\/uus.kokariided.ee\/en\/wp-json\/wp\/v2\/media?parent=13503"}],"wp:term":[{"taxonomy":"product_cat","embeddable":true,"href":"https:\/\/uus.kokariided.ee\/en\/wp-json\/wp\/v2\/product_cat?post=13503"},{"taxonomy":"product_tag","embeddable":true,"href":"https:\/\/uus.kokariided.ee\/en\/wp-json\/wp\/v2\/product_tag?post=13503"}],"curies":[{"name":"wp","href":"https:\/\/api.w.org\/{rel}","templated":true}]}}