{"id":13508,"date":"2021-03-26T10:38:52","date_gmt":"2021-03-26T10:38:52","guid":{"rendered":"https:\/\/uus.kokariided.ee\/?product=poll-rock-jeans"},"modified":"2025-02-07T14:38:22","modified_gmt":"2025-02-07T14:38:22","slug":"poll-rock-jeans","status":"publish","type":"product","link":"https:\/\/uus.kokariided.ee\/en\/product\/poll-rock-jeans\/","title":{"rendered":"P\u00f5ll 70x90cm Rock Jeans"},"content":{"rendered":"","protected":false},"excerpt":{"rendered":"<p>P\u00f5ll 70x90cmP\u00f5ll sobilik teenindajale\/kokale,\u00a02 taskuga.\u00a0Kaelapael on reguleeritav m\u00f5lemast otsast, samuti ka eemaldatav.40% pol\u00fcester &#8211; 60% puuvill\u00a0<\/p>","protected":false},"featured_media":13509,"comment_status":"open","ping_status":"closed","template":"","meta":[],"product_cat":[774,104,146,112,145],"product_tag":[],"class_list":{"0":"post-13508","1":"product","2":"type-product","3":"status-publish","4":"has-post-thumbnail","6":"product_brand-egochef","7":"product_cat-klapiga-poll-70x90cm","8":"product_cat-kokariided","9":"product_cat-polled1755886053","10":"product_cat-polled","11":"product_cat-teenindusriided","13":"first","14":"instock","15":"shipping-taxable","16":"purchasable","17":"product-type-variable"},"_links":{"self":[{"href":"https:\/\/uus.kokariided.ee\/en\/wp-json\/wp\/v2\/product\/13508","targetHints":{"allow":["GET"]}}],"collection":[{"href":"https:\/\/uus.kokariided.ee\/en\/wp-json\/wp\/v2\/product"}],"about":[{"href":"https:\/\/uus.kokariided.ee\/en\/wp-json\/wp\/v2\/types\/product"}],"replies":[{"embeddable":true,"href":"https:\/\/uus.kokariided.ee\/en\/wp-json\/wp\/v2\/comments?post=13508"}],"wp:featuredmedia":[{"embeddable":true,"href":"https:\/\/uus.kokariided.ee\/en\/wp-json\/wp\/v2\/media\/13509"}],"wp:attachment":[{"href":"https:\/\/uus.kokariided.ee\/en\/wp-json\/wp\/v2\/media?parent=13508"}],"wp:term":[{"taxonomy":"product_cat","embeddable":true,"href":"https:\/\/uus.kokariided.ee\/en\/wp-json\/wp\/v2\/product_cat?post=13508"},{"taxonomy":"product_tag","embeddable":true,"href":"https:\/\/uus.kokariided.ee\/en\/wp-json\/wp\/v2\/product_tag?post=13508"}],"curies":[{"name":"wp","href":"https:\/\/api.w.org\/{rel}","templated":true}]}}