{"id":13605,"date":"2021-06-18T17:41:38","date_gmt":"2021-06-18T17:41:38","guid":{"rendered":"https:\/\/uus.kokariided.ee\/?product=teksa-poll-gusto-80x100cm"},"modified":"2024-11-22T11:04:41","modified_gmt":"2024-11-22T11:04:41","slug":"teksa-poll-gusto-80x100cm","status":"publish","type":"product","link":"https:\/\/uus.kokariided.ee\/en\/product\/teksa-poll-gusto-80x100cm\/","title":{"rendered":"Teksa p\u00f5ll GUSTO 80x100cm"},"content":{"rendered":"<p>Nagu ikka teksatoodete puhul, soovitame pesta teksa tooted eraldi.<\/p>\n<p>kangas kerge ja laseb kehal hingata.<\/p>","protected":false},"excerpt":{"rendered":"<p>Klapiga p\u00f5ll GUSTO on valmistatud kergest ja vastupidavast jeans kangast, paremal k\u00fcljel tasku. Risti asetsevad p\u00f5lle kaelapaelad pakuvad kerget ja m\u00f5nusat liikumist, j\u00e4\u00e4des samas v\u00e4ga praktiliseks.\u00a0<\/p>","protected":false},"featured_media":13606,"comment_status":"open","ping_status":"closed","template":"","meta":[],"product_cat":[740,775,104,782,146,112,145],"product_tag":[379,378,377],"class_list":{"0":"post-13605","1":"product","2":"type-product","3":"status-publish","4":"has-post-thumbnail","6":"product_brand-vega","7":"product_cat-klapiga-poll-80x100cm","8":"product_cat-klapiga-poll-80x100cm1756114973","9":"product_cat-kokariided","10":"product_cat-polled1756115199","11":"product_cat-polled1755886053","12":"product_cat-polled","13":"product_cat-teenindusriided","14":"product_tag-jeans-poll","15":"product_tag-teksa-stiilis-poll","16":"product_tag-teksapoll","18":"first","19":"instock","20":"shipping-taxable","21":"purchasable","22":"product-type-simple"},"_links":{"self":[{"href":"https:\/\/uus.kokariided.ee\/en\/wp-json\/wp\/v2\/product\/13605","targetHints":{"allow":["GET"]}}],"collection":[{"href":"https:\/\/uus.kokariided.ee\/en\/wp-json\/wp\/v2\/product"}],"about":[{"href":"https:\/\/uus.kokariided.ee\/en\/wp-json\/wp\/v2\/types\/product"}],"replies":[{"embeddable":true,"href":"https:\/\/uus.kokariided.ee\/en\/wp-json\/wp\/v2\/comments?post=13605"}],"wp:featuredmedia":[{"embeddable":true,"href":"https:\/\/uus.kokariided.ee\/en\/wp-json\/wp\/v2\/media\/13606"}],"wp:attachment":[{"href":"https:\/\/uus.kokariided.ee\/en\/wp-json\/wp\/v2\/media?parent=13605"}],"wp:term":[{"taxonomy":"product_cat","embeddable":true,"href":"https:\/\/uus.kokariided.ee\/en\/wp-json\/wp\/v2\/product_cat?post=13605"},{"taxonomy":"product_tag","embeddable":true,"href":"https:\/\/uus.kokariided.ee\/en\/wp-json\/wp\/v2\/product_tag?post=13605"}],"curies":[{"name":"wp","href":"https:\/\/api.w.org\/{rel}","templated":true}]}}