{"id":13614,"date":"2021-07-15T10:34:03","date_gmt":"2021-07-15T10:34:03","guid":{"rendered":"https:\/\/uus.kokariided.ee\/?product=klapiga-poll-frivole-75x85cm-1-taskuga"},"modified":"2024-05-29T12:34:52","modified_gmt":"2024-05-29T12:34:52","slug":"klapiga-poll-frivole-75x85cm-1-taskuga","status":"publish","type":"product","link":"https:\/\/uus.kokariided.ee\/en\/product\/klapiga-poll-frivole-75x85cm-1-taskuga\/","title":{"rendered":"Klapiga p\u00f5ll Frivole 75x85cm 1 taskuga"},"content":{"rendered":"<ul>\n<li>Pesta koos sarnast tooni riietega<\/li>\n<li>Enne esimest kasutamist pesta toodet 30 kraadiga<\/li>\n<li>Pesujuhised leiad tootesildilt<\/li>\n<\/ul>","protected":false},"excerpt":{"rendered":"<p>See r\u00f5\u00f5mus t\u00e4ppidega klapiga p\u00f5ll loob m\u00f5nusa Hispaania meeleolu. P\u00f5ll on kaelast trukkidega reguleeritav ning p\u00f5lle keskel asub mahukas tasku. Allosas vallatu volang, mis t\u00e4iendab klapiga p\u00f5lle lustlikku ja naiselikku ilmet.<\/p>\n<p>65% pol\u00fcester, 35% puuvill\u00a0210 gr\/m2<\/p>","protected":false},"featured_media":13615,"comment_status":"open","ping_status":"closed","template":"","meta":[],"product_cat":[108,112],"product_tag":[284,542,543,538,544,545,539,540,541,546,547],"class_list":{"0":"post-13614","1":"product","2":"type-product","3":"status-publish","4":"has-post-thumbnail","6":"product_cat-kingiideed","7":"product_cat-polled","8":"product_tag-klapiga-poll","9":"product_tag-naiselik","10":"product_tag-naiselik-poll","11":"product_tag-poll","12":"product_tag-retro","13":"product_tag-retro-poll","14":"product_tag-tapid","15":"product_tag-tappidega","16":"product_tag-tappidega-poll","17":"product_tag-volangid","18":"product_tag-volangidega-poll","20":"first","21":"instock","22":"shipping-taxable","23":"purchasable","24":"product-type-variable"},"_links":{"self":[{"href":"https:\/\/uus.kokariided.ee\/en\/wp-json\/wp\/v2\/product\/13614","targetHints":{"allow":["GET"]}}],"collection":[{"href":"https:\/\/uus.kokariided.ee\/en\/wp-json\/wp\/v2\/product"}],"about":[{"href":"https:\/\/uus.kokariided.ee\/en\/wp-json\/wp\/v2\/types\/product"}],"replies":[{"embeddable":true,"href":"https:\/\/uus.kokariided.ee\/en\/wp-json\/wp\/v2\/comments?post=13614"}],"wp:featuredmedia":[{"embeddable":true,"href":"https:\/\/uus.kokariided.ee\/en\/wp-json\/wp\/v2\/media\/13615"}],"wp:attachment":[{"href":"https:\/\/uus.kokariided.ee\/en\/wp-json\/wp\/v2\/media?parent=13614"}],"wp:term":[{"taxonomy":"product_cat","embeddable":true,"href":"https:\/\/uus.kokariided.ee\/en\/wp-json\/wp\/v2\/product_cat?post=13614"},{"taxonomy":"product_tag","embeddable":true,"href":"https:\/\/uus.kokariided.ee\/en\/wp-json\/wp\/v2\/product_tag?post=13614"}],"curies":[{"name":"wp","href":"https:\/\/api.w.org\/{rel}","templated":true}]}}