{"id":13623,"date":"2021-07-28T16:12:03","date_gmt":"2021-07-28T16:12:03","guid":{"rendered":"https:\/\/uus.kokariided.ee\/?product=klapiga-poll-87x85cm"},"modified":"2024-05-29T12:34:52","modified_gmt":"2024-05-29T12:34:52","slug":"klapiga-poll-87x85cm","status":"publish","type":"product","link":"https:\/\/uus.kokariided.ee\/en\/product\/klapiga-poll-87x85cm\/","title":{"rendered":"Klapiga p\u00f5ll Canvas 87x85cm"},"content":{"rendered":"","protected":false},"excerpt":{"rendered":"<p>Klapiga p\u00f5ll, millel on pandlaga reguleeritav kaelapael, mis on l\u00f5ks-karabiinidega kinnitatav. Kaelapaelal sametist pehmendus. P\u00f5llel on ees kaks taskut. P\u00f5lle \u00fclaosale ning taskutele lisavad stiili nahksed elemendid.<br \/>\n100%\u00a0puuvillane, tugev ning mitteveniv\u00a0(kanvas),\u00a0454g\/m2<br \/>\nSobib\u00a0pigem pikemale teenindajale ja kokale.\u00a0<br \/>\nAinult k\u00e4sipesu.<\/p>","protected":false},"featured_media":13624,"comment_status":"open","ping_status":"closed","template":"","meta":[],"product_cat":[],"product_tag":[],"class_list":{"0":"post-13623","1":"product","2":"type-product","3":"status-publish","4":"has-post-thumbnail","7":"first","8":"instock","9":"shipping-taxable","10":"purchasable","11":"product-type-variable"},"_links":{"self":[{"href":"https:\/\/uus.kokariided.ee\/en\/wp-json\/wp\/v2\/product\/13623","targetHints":{"allow":["GET"]}}],"collection":[{"href":"https:\/\/uus.kokariided.ee\/en\/wp-json\/wp\/v2\/product"}],"about":[{"href":"https:\/\/uus.kokariided.ee\/en\/wp-json\/wp\/v2\/types\/product"}],"replies":[{"embeddable":true,"href":"https:\/\/uus.kokariided.ee\/en\/wp-json\/wp\/v2\/comments?post=13623"}],"wp:featuredmedia":[{"embeddable":true,"href":"https:\/\/uus.kokariided.ee\/en\/wp-json\/wp\/v2\/media\/13624"}],"wp:attachment":[{"href":"https:\/\/uus.kokariided.ee\/en\/wp-json\/wp\/v2\/media?parent=13623"}],"wp:term":[{"taxonomy":"product_cat","embeddable":true,"href":"https:\/\/uus.kokariided.ee\/en\/wp-json\/wp\/v2\/product_cat?post=13623"},{"taxonomy":"product_tag","embeddable":true,"href":"https:\/\/uus.kokariided.ee\/en\/wp-json\/wp\/v2\/product_tag?post=13623"}],"curies":[{"name":"wp","href":"https:\/\/api.w.org\/{rel}","templated":true}]}}