{"id":13696,"date":"2021-08-10T17:31:55","date_gmt":"2021-08-10T17:31:55","guid":{"rendered":"https:\/\/uus.kokariided.ee\/?product=poll-oregon-jeans"},"modified":"2025-01-16T15:48:35","modified_gmt":"2025-01-16T15:48:35","slug":"poll-oregon-jeans","status":"publish","type":"product","link":"https:\/\/uus.kokariided.ee\/en\/product\/poll-oregon-jeans\/","title":{"rendered":"P\u00f5ll Oregon Jeans 70x88cm"},"content":{"rendered":"","protected":false},"excerpt":{"rendered":"<p>Klapiga p\u00f5ll m\u00f5\u00f5tudega 70X88cm, mille kaelapael on kolme trukiga reguleeritav.\u00a0Rinnal ning k\u00fclgedel taskud.<br \/>\nM\u00f5\u00f5dud: 70x88cm (laius x pikkus)<br \/>\nMaterjal: 100% puuvill<\/p>","protected":false},"featured_media":13697,"comment_status":"open","ping_status":"closed","template":"","meta":[],"product_cat":[104,112,782,766],"product_tag":[],"class_list":{"0":"post-13696","1":"product","2":"type-product","3":"status-publish","4":"has-post-thumbnail","6":"product_brand-isacco","7":"product_cat-kokariided","8":"product_cat-polled","9":"product_cat-polled1756115199","10":"product_cat-teenindusriided1756114957","12":"first","13":"instock","14":"shipping-taxable","15":"purchasable","16":"product-type-variable"},"_links":{"self":[{"href":"https:\/\/uus.kokariided.ee\/en\/wp-json\/wp\/v2\/product\/13696","targetHints":{"allow":["GET"]}}],"collection":[{"href":"https:\/\/uus.kokariided.ee\/en\/wp-json\/wp\/v2\/product"}],"about":[{"href":"https:\/\/uus.kokariided.ee\/en\/wp-json\/wp\/v2\/types\/product"}],"replies":[{"embeddable":true,"href":"https:\/\/uus.kokariided.ee\/en\/wp-json\/wp\/v2\/comments?post=13696"}],"wp:featuredmedia":[{"embeddable":true,"href":"https:\/\/uus.kokariided.ee\/en\/wp-json\/wp\/v2\/media\/13697"}],"wp:attachment":[{"href":"https:\/\/uus.kokariided.ee\/en\/wp-json\/wp\/v2\/media?parent=13696"}],"wp:term":[{"taxonomy":"product_cat","embeddable":true,"href":"https:\/\/uus.kokariided.ee\/en\/wp-json\/wp\/v2\/product_cat?post=13696"},{"taxonomy":"product_tag","embeddable":true,"href":"https:\/\/uus.kokariided.ee\/en\/wp-json\/wp\/v2\/product_tag?post=13696"}],"curies":[{"name":"wp","href":"https:\/\/api.w.org\/{rel}","templated":true}]}}