{"id":13699,"date":"2021-08-11T09:31:30","date_gmt":"2021-08-11T09:31:30","guid":{"rendered":"https:\/\/uus.kokariided.ee\/?product=voeoepoll-michigan-jeans"},"modified":"2024-05-29T12:34:52","modified_gmt":"2024-05-29T12:34:52","slug":"voeoepoll-michigan-jeans","status":"publish","type":"product","link":"https:\/\/uus.kokariided.ee\/en\/product\/voeoepoll-michigan-jeans\/","title":{"rendered":"V\u00f6\u00f6p\u00f5ll Michigan Jeans 70x50cm"},"content":{"rendered":"","protected":false},"excerpt":{"rendered":"<p>Trendikas v\u00f6\u00f6p\u00f5ll, mille keskosal on kaks taskut. P\u00f5llel on nahast detailid ning v\u00f6\u00f6l metallaas.<br \/>\nIdeaalne hotellisektorile, restoranidele ja kokkadele.<br \/>\n100%\u00a0puuvill,\u00a0220 gr\/m\u00b2<\/p>","protected":false},"featured_media":13700,"comment_status":"open","ping_status":"closed","template":"","meta":[],"product_cat":[104,146,112,145],"product_tag":[],"class_list":{"0":"post-13699","1":"product","2":"type-product","3":"status-publish","4":"has-post-thumbnail","6":"product_cat-kokariided","7":"product_cat-polled1755886053","8":"product_cat-polled","9":"product_cat-teenindusriided","11":"first","12":"instock","13":"shipping-taxable","14":"purchasable","15":"product-type-simple"},"_links":{"self":[{"href":"https:\/\/uus.kokariided.ee\/en\/wp-json\/wp\/v2\/product\/13699","targetHints":{"allow":["GET"]}}],"collection":[{"href":"https:\/\/uus.kokariided.ee\/en\/wp-json\/wp\/v2\/product"}],"about":[{"href":"https:\/\/uus.kokariided.ee\/en\/wp-json\/wp\/v2\/types\/product"}],"replies":[{"embeddable":true,"href":"https:\/\/uus.kokariided.ee\/en\/wp-json\/wp\/v2\/comments?post=13699"}],"wp:featuredmedia":[{"embeddable":true,"href":"https:\/\/uus.kokariided.ee\/en\/wp-json\/wp\/v2\/media\/13700"}],"wp:attachment":[{"href":"https:\/\/uus.kokariided.ee\/en\/wp-json\/wp\/v2\/media?parent=13699"}],"wp:term":[{"taxonomy":"product_cat","embeddable":true,"href":"https:\/\/uus.kokariided.ee\/en\/wp-json\/wp\/v2\/product_cat?post=13699"},{"taxonomy":"product_tag","embeddable":true,"href":"https:\/\/uus.kokariided.ee\/en\/wp-json\/wp\/v2\/product_tag?post=13699"}],"curies":[{"name":"wp","href":"https:\/\/api.w.org\/{rel}","templated":true}]}}