{"id":13708,"date":"2021-08-11T18:21:18","date_gmt":"2021-08-11T18:21:18","guid":{"rendered":"https:\/\/uus.kokariided.ee\/?product=poll-kansas-short-black-jeans-1755946087"},"modified":"2024-10-08T14:18:18","modified_gmt":"2024-10-08T14:18:18","slug":"poll-kansas-short-black-jeans-1755946087","status":"publish","type":"product","link":"https:\/\/uus.kokariided.ee\/en\/product\/poll-kansas-short-black-jeans-1755946087\/","title":{"rendered":"P\u00f5ll Kansas Jeans 70x71cm"},"content":{"rendered":"","protected":false},"excerpt":{"rendered":"<p>P\u00f5ll Kansas Jeans on sobilik teenindavasse sektorisse. V\u00f6\u00f6k\u00f5rgusel asetsevad kaks taskut teevad selle p\u00f5lle eriti praktiliseks. P\u00f5llel on kunstnahast detailid ning kaelapael on pandlaga reguleeritav.<br \/>\n100% puuvill,\u00a0220 gr\/ m\u00b2<br \/>\n70x71cm<br \/>\nNB! E-poest tellides toode 10% soodsam!<\/p>","protected":false},"featured_media":13709,"comment_status":"open","ping_status":"closed","template":"","meta":[],"product_cat":[104,782,112,766],"product_tag":[],"class_list":{"0":"post-13708","1":"product","2":"type-product","3":"status-publish","4":"has-post-thumbnail","6":"product_brand-isacco","7":"product_cat-kokariided","8":"product_cat-polled1756115199","9":"product_cat-polled","10":"product_cat-teenindusriided1756114957","12":"first","13":"instock","14":"sale","15":"shipping-taxable","16":"purchasable","17":"product-type-simple"},"_links":{"self":[{"href":"https:\/\/uus.kokariided.ee\/en\/wp-json\/wp\/v2\/product\/13708","targetHints":{"allow":["GET"]}}],"collection":[{"href":"https:\/\/uus.kokariided.ee\/en\/wp-json\/wp\/v2\/product"}],"about":[{"href":"https:\/\/uus.kokariided.ee\/en\/wp-json\/wp\/v2\/types\/product"}],"replies":[{"embeddable":true,"href":"https:\/\/uus.kokariided.ee\/en\/wp-json\/wp\/v2\/comments?post=13708"}],"wp:featuredmedia":[{"embeddable":true,"href":"https:\/\/uus.kokariided.ee\/en\/wp-json\/wp\/v2\/media\/13709"}],"wp:attachment":[{"href":"https:\/\/uus.kokariided.ee\/en\/wp-json\/wp\/v2\/media?parent=13708"}],"wp:term":[{"taxonomy":"product_cat","embeddable":true,"href":"https:\/\/uus.kokariided.ee\/en\/wp-json\/wp\/v2\/product_cat?post=13708"},{"taxonomy":"product_tag","embeddable":true,"href":"https:\/\/uus.kokariided.ee\/en\/wp-json\/wp\/v2\/product_tag?post=13708"}],"curies":[{"name":"wp","href":"https:\/\/api.w.org\/{rel}","templated":true}]}}